{"id":30,"date":"2023-05-11T16:03:41","date_gmt":"2023-05-11T16:03:41","guid":{"rendered":"http:\/\/104.248.44.136\/?page_id=30"},"modified":"2023-09-26T12:22:06","modified_gmt":"2023-09-26T10:22:06","slug":"politica-de-privacidad","status":"publish","type":"page","link":"https:\/\/traky365.com\/en\/politica-de-privacidad\/","title":{"rendered":"Pol\u00edtica de Privacidad"},"content":{"rendered":"<div data-elementor-type=\"wp-page\" data-elementor-id=\"30\" class=\"elementor elementor-30\" data-elementor-post-type=\"page\">\n\t\t\t\t\t\t<section class=\"elementor-section elementor-top-section elementor-element elementor-element-47df18f elementor-section-boxed elementor-section-height-default elementor-section-height-default\" data-id=\"47df18f\" data-element_type=\"section\">\n\t\t\t\t\t\t<div class=\"elementor-container elementor-column-gap-default\">\n\t\t\t\t\t<div class=\"elementor-column elementor-col-100 elementor-top-column elementor-element elementor-element-c11b5e3\" data-id=\"c11b5e3\" data-element_type=\"column\">\n\t\t\t<div class=\"elementor-widget-wrap elementor-element-populated\">\n\t\t\t\t\t\t<div class=\"elementor-element elementor-element-edbb8c2 elementor-widget elementor-widget-text-editor\" data-id=\"edbb8c2\" data-element_type=\"widget\" data-widget_type=\"text-editor.default\">\n\t\t\t\t<div class=\"elementor-widget-container\">\n\t\t\t\t\t\t\t\t\t<h2>PROTECCI\u00d3N DE DATOS<\/h2>\n<h5>1. Pol\u00edtica de privacidad<\/h5>\nTraky365 informa a los usuarios del sitio web sobre su pol\u00edtica respecto del tratamiento y protecci\u00f3n de los datos de car\u00e1cter personal de los usuarios y clientes que puedan ser recabados por la navegaci\u00f3n o contrataci\u00f3n de servicios a trav\u00e9s de su sitio web. En este sentido, Traky365 garantiza el cumplimiento de la normativa vigente en materia de protecci\u00f3n de datos personales, reflejada en la Ley Org\u00e1nica 15\/1999 de 13 de diciembre, de Protecci\u00f3n de Datos de Car\u00e1cter Personal y en el Real Decreto 1720\/2007, de 21 diciembre, por el que se aprueba el Reglamento de Desarrollo de la LOPD.\nEl uso de esta web implica la aceptaci\u00f3n de esta pol\u00edtica de privacidad.\n<h5>2. Recogida, finalidad y tratamientos de datos<\/h5>\nTraky365 tiene el deber de informar a los usuarios de su sitio web acerca de la recogida de datos de car\u00e1cter personal que pueden llevarse a cabo, bien sea mediante el env\u00edo de correo electr\u00f3nico o al cumplimentar los formularios incluidos en el sitio web. En este sentido, Traky365 ser\u00e1 considerada como responsable de los datos recabados mediante los medios anteriormente descritos.\nA su vez Traky365 informa a los usuarios de que la finalidad del tratamiento de los datos recabados contempla: La atenci\u00f3n de solicitudes realizadas por los usuarios, la inclusi\u00f3n en la agenda de contactos, la prestaci\u00f3n de servicios y la gesti\u00f3n de la relaci\u00f3n comercial. \nLas operaciones, gestiones y procedimientos t\u00e9cnicos que se realicen de forma automatizada o no automatizada y que posibiliten la recogida, el almacenamiento, la modificaci\u00f3n, la transferencia y otras acciones sobre datos de car\u00e1cter personal, tienen la consideraci\u00f3n de tratamiento de datos personales. Todos los datos personales, que sean recogidos a trav\u00e9s del sitio web de Traky365, y por tanto tenga la consideraci\u00f3n de tratamiento de datos de car\u00e1cter personal, ser\u00e1n incorporados en los ficheros declarados ante la Agencia Espa\u00f1ola de Protecci\u00f3n de Datos por Traky365.\n<h5>3. Comunicaci\u00f3n de informaci\u00f3n a terceros<\/h5>\nTraky365 informa a los usuarios de que sus datos personales no ser\u00e1n cedidos a terceras organizaciones, con la salvedad de que dicha cesi\u00f3n de datos este amparada en una obligaci\u00f3n legal o cuando la prestaci\u00f3n de un servicio implique la necesidad de una relaci\u00f3n contractual con un encargado de tratamiento. En este \u00faltimo caso, solo se llevar\u00e1 a cabo la cesi\u00f3n de datos al tercero cuando Traky365 disponga del consentimiento expreso del usuario.\n<h5>4. Derechos de los usuarios<\/h5>\nLa Ley Org\u00e1nica 15\/1999, de 13 de diciembre, de Protecci\u00f3n de Datos de Car\u00e1cter Personal concede a los interesados la posibilidad de ejercer una serie de derechos relacionados con el tratamiento de sus datos personales. En tanto en cuanto los datos del usuario son objeto de tratamiento por parte de Traky365. Los usuarios podr\u00e1n ejercer los derechos de acceso, rectificaci\u00f3n, cancelaci\u00f3n y oposici\u00f3n de acuerdo con lo previsto en la normativa legal vigente en materia de protecci\u00f3n de datos personales.\nPara hacer uso del ejercicio de estos derechos, el usuario deber\u00e1 dirigirse mediante comunicaci\u00f3n escrita, aportando documentaci\u00f3n que acredite su identidad (DNI o pasaporte), a la siguiente direcci\u00f3n: Traky365, C\/Melissa, 21 Pta 2 46980 Paterna, Valencia o la direcci\u00f3n que sea sustituida en el Registro General de Protecci\u00f3n de Datos. Dicha comunicaci\u00f3n deber\u00e1 reflejar la siguiente informaci\u00f3n: Nombre y apellidos del usuario, la petici\u00f3n de solicitud, el domicilio y los datos acreditativos.\nEl ejercicio de derechos deber\u00e1 ser realizado por el propio usuario. No obstante, podr\u00e1n ser ejecutados por una persona autorizada como representante legal del autorizado. En tal caso, se deber\u00e1 aportar la documentaci\u00f3n que acredite esta representaci\u00f3n del interesado.\t\t\t\t\t\t\t\t<\/div>\n\t\t\t\t<\/div>\n\t\t\t\t\t<\/div>\n\t\t<\/div>\n\t\t\t\t\t<\/div>\n\t\t<\/section>\n\t\t\t\t<\/div>","protected":false},"excerpt":{"rendered":"<p>PROTECCI\u00d3N DE DATOS 1. Pol\u00edtica de privacidad Traky365 informa a los usuarios del sitio web sobre su pol\u00edtica respecto del tratamiento y protecci\u00f3n de los datos de car\u00e1cter personal de los usuarios y clientes que puedan ser recabados por la navegaci\u00f3n o contrataci\u00f3n de servicios a trav\u00e9s de su sitio web. En este sentido, Traky365 [&hellip;]<\/p>","protected":false},"author":4,"featured_media":0,"parent":0,"menu_order":0,"comment_status":"closed","ping_status":"closed","template":"","meta":{"_acf_changed":false,"footnotes":""},"class_list":["post-30","page","type-page","status-publish","hentry"],"acf":[],"yoast_head":"<!-- This site is optimized with the Yoast SEO plugin v25.3.1 - https:\/\/yoast.com\/wordpress\/plugins\/seo\/ -->\n<title>Pol\u00edtica de Privacidad - traky365<\/title>\n<meta name=\"robots\" content=\"noindex, nofollow\" \/>\n<meta property=\"og:locale\" content=\"en_GB\" \/>\n<meta property=\"og:type\" content=\"article\" \/>\n<meta property=\"og:title\" content=\"Pol\u00edtica de Privacidad - traky365\" \/>\n<meta property=\"og:description\" content=\"PROTECCI\u00d3N DE DATOS 1. Pol\u00edtica de privacidad Traky365 informa a los usuarios del sitio web sobre su pol\u00edtica respecto del tratamiento y protecci\u00f3n de los datos de car\u00e1cter personal de los usuarios y clientes que puedan ser recabados por la navegaci\u00f3n o contrataci\u00f3n de servicios a trav\u00e9s de su sitio web. En este sentido, Traky365 [&hellip;]\" \/>\n<meta property=\"og:url\" content=\"https:\/\/traky365.com\/en\/politica-de-privacidad\/\" \/>\n<meta property=\"og:site_name\" content=\"traky365\" \/>\n<meta property=\"article:publisher\" content=\"https:\/\/www.facebook.com\/traky365\" \/>\n<meta property=\"article:modified_time\" content=\"2023-09-26T10:22:06+00:00\" \/>\n<meta name=\"twitter:card\" content=\"summary_large_image\" \/>\n<meta name=\"twitter:site\" content=\"@traky365\" \/>\n<meta name=\"twitter:label1\" content=\"Estimated reading time\" \/>\n\t<meta name=\"twitter:data1\" content=\"3 minutes\" \/>\n<script type=\"application\/ld+json\" class=\"yoast-schema-graph\">{\"@context\":\"https:\/\/schema.org\",\"@graph\":[{\"@type\":\"WebPage\",\"@id\":\"https:\/\/traky365.com\/politica-de-privacidad\/\",\"url\":\"https:\/\/traky365.com\/politica-de-privacidad\/\",\"name\":\"Pol\u00edtica de Privacidad - traky365\",\"isPartOf\":{\"@id\":\"https:\/\/traky365.com\/#website\"},\"datePublished\":\"2023-05-11T16:03:41+00:00\",\"dateModified\":\"2023-09-26T10:22:06+00:00\",\"breadcrumb\":{\"@id\":\"https:\/\/traky365.com\/politica-de-privacidad\/#breadcrumb\"},\"inLanguage\":\"en-GB\",\"potentialAction\":[{\"@type\":\"ReadAction\",\"target\":[\"https:\/\/traky365.com\/politica-de-privacidad\/\"]}]},{\"@type\":\"BreadcrumbList\",\"@id\":\"https:\/\/traky365.com\/politica-de-privacidad\/#breadcrumb\",\"itemListElement\":[{\"@type\":\"ListItem\",\"position\":1,\"name\":\"Portada\",\"item\":\"https:\/\/traky365.com\/\"},{\"@type\":\"ListItem\",\"position\":2,\"name\":\"Pol\u00edtica de Privacidad\"}]},{\"@type\":\"WebSite\",\"@id\":\"https:\/\/traky365.com\/#website\",\"url\":\"https:\/\/traky365.com\/\",\"name\":\"traky365\",\"description\":\"GPS live tracking, race control, virtual chrono and security for outdoor sport events\",\"publisher\":{\"@id\":\"https:\/\/traky365.com\/#organization\"},\"potentialAction\":[{\"@type\":\"SearchAction\",\"target\":{\"@type\":\"EntryPoint\",\"urlTemplate\":\"https:\/\/traky365.com\/?s={search_term_string}\"},\"query-input\":{\"@type\":\"PropertyValueSpecification\",\"valueRequired\":true,\"valueName\":\"search_term_string\"}}],\"inLanguage\":\"en-GB\"},{\"@type\":\"Organization\",\"@id\":\"https:\/\/traky365.com\/#organization\",\"name\":\"traky365\",\"url\":\"https:\/\/traky365.com\/\",\"logo\":{\"@type\":\"ImageObject\",\"inLanguage\":\"en-GB\",\"@id\":\"https:\/\/traky365.com\/#\/schema\/logo\/image\/\",\"url\":\"https:\/\/traky365.com\/wp-content\/uploads\/2023\/05\/Logo-traky.png\",\"contentUrl\":\"https:\/\/traky365.com\/wp-content\/uploads\/2023\/05\/Logo-traky.png\",\"width\":3647,\"height\":773,\"caption\":\"traky365\"},\"image\":{\"@id\":\"https:\/\/traky365.com\/#\/schema\/logo\/image\/\"},\"sameAs\":[\"https:\/\/www.facebook.com\/traky365\",\"https:\/\/x.com\/traky365\",\"https:\/\/www.instagram.com\/traky365\/\"]}]}<\/script>\n<!-- \/ Yoast SEO plugin. -->","yoast_head_json":{"title":"Pol\u00edtica de Privacidad - traky365","robots":{"index":"noindex","follow":"nofollow"},"og_locale":"en_GB","og_type":"article","og_title":"Pol\u00edtica de Privacidad - traky365","og_description":"PROTECCI\u00d3N DE DATOS 1. Pol\u00edtica de privacidad Traky365 informa a los usuarios del sitio web sobre su pol\u00edtica respecto del tratamiento y protecci\u00f3n de los datos de car\u00e1cter personal de los usuarios y clientes que puedan ser recabados por la navegaci\u00f3n o contrataci\u00f3n de servicios a trav\u00e9s de su sitio web. En este sentido, Traky365 [&hellip;]","og_url":"https:\/\/traky365.com\/en\/politica-de-privacidad\/","og_site_name":"traky365","article_publisher":"https:\/\/www.facebook.com\/traky365","article_modified_time":"2023-09-26T10:22:06+00:00","twitter_card":"summary_large_image","twitter_site":"@traky365","twitter_misc":{"Estimated reading time":"3 minutes"},"schema":{"@context":"https:\/\/schema.org","@graph":[{"@type":"WebPage","@id":"https:\/\/traky365.com\/politica-de-privacidad\/","url":"https:\/\/traky365.com\/politica-de-privacidad\/","name":"Pol\u00edtica de Privacidad - traky365","isPartOf":{"@id":"https:\/\/traky365.com\/#website"},"datePublished":"2023-05-11T16:03:41+00:00","dateModified":"2023-09-26T10:22:06+00:00","breadcrumb":{"@id":"https:\/\/traky365.com\/politica-de-privacidad\/#breadcrumb"},"inLanguage":"en-GB","potentialAction":[{"@type":"ReadAction","target":["https:\/\/traky365.com\/politica-de-privacidad\/"]}]},{"@type":"BreadcrumbList","@id":"https:\/\/traky365.com\/politica-de-privacidad\/#breadcrumb","itemListElement":[{"@type":"ListItem","position":1,"name":"Portada","item":"https:\/\/traky365.com\/"},{"@type":"ListItem","position":2,"name":"Pol\u00edtica de Privacidad"}]},{"@type":"WebSite","@id":"https:\/\/traky365.com\/#website","url":"https:\/\/traky365.com\/","name":"traky365","description":"GPS live tracking, race control, virtual chrono and security for outdoor sport events","publisher":{"@id":"https:\/\/traky365.com\/#organization"},"potentialAction":[{"@type":"SearchAction","target":{"@type":"EntryPoint","urlTemplate":"https:\/\/traky365.com\/?s={search_term_string}"},"query-input":{"@type":"PropertyValueSpecification","valueRequired":true,"valueName":"search_term_string"}}],"inLanguage":"en-GB"},{"@type":"Organization","@id":"https:\/\/traky365.com\/#organization","name":"traky365","url":"https:\/\/traky365.com\/","logo":{"@type":"ImageObject","inLanguage":"en-GB","@id":"https:\/\/traky365.com\/#\/schema\/logo\/image\/","url":"https:\/\/traky365.com\/wp-content\/uploads\/2023\/05\/Logo-traky.png","contentUrl":"https:\/\/traky365.com\/wp-content\/uploads\/2023\/05\/Logo-traky.png","width":3647,"height":773,"caption":"traky365"},"image":{"@id":"https:\/\/traky365.com\/#\/schema\/logo\/image\/"},"sameAs":["https:\/\/www.facebook.com\/traky365","https:\/\/x.com\/traky365","https:\/\/www.instagram.com\/traky365\/"]}]}},"_links":{"self":[{"href":"https:\/\/traky365.com\/en\/wp-json\/wp\/v2\/pages\/30","targetHints":{"allow":["GET"]}}],"collection":[{"href":"https:\/\/traky365.com\/en\/wp-json\/wp\/v2\/pages"}],"about":[{"href":"https:\/\/traky365.com\/en\/wp-json\/wp\/v2\/types\/page"}],"author":[{"embeddable":true,"href":"https:\/\/traky365.com\/en\/wp-json\/wp\/v2\/users\/4"}],"replies":[{"embeddable":true,"href":"https:\/\/traky365.com\/en\/wp-json\/wp\/v2\/comments?post=30"}],"version-history":[{"count":4,"href":"https:\/\/traky365.com\/en\/wp-json\/wp\/v2\/pages\/30\/revisions"}],"predecessor-version":[{"id":1087,"href":"https:\/\/traky365.com\/en\/wp-json\/wp\/v2\/pages\/30\/revisions\/1087"}],"wp:attachment":[{"href":"https:\/\/traky365.com\/en\/wp-json\/wp\/v2\/media?parent=30"}],"curies":[{"name":"wp","href":"https:\/\/api.w.org\/{rel}","templated":true}]}}