{"id":34,"date":"2023-05-11T16:04:09","date_gmt":"2023-05-11T16:04:09","guid":{"rendered":"http:\/\/104.248.44.136\/?page_id=34"},"modified":"2024-10-02T10:21:03","modified_gmt":"2024-10-02T08:21:03","slug":"accesibilidad","status":"publish","type":"page","link":"https:\/\/traky365.com\/en\/accesibilidad\/","title":{"rendered":"accessibility"},"content":{"rendered":"<div data-elementor-type=\"wp-page\" data-elementor-id=\"34\" class=\"elementor elementor-34\" data-elementor-post-type=\"page\">\n\t\t\t\t\t\t<section class=\"elementor-section elementor-top-section elementor-element elementor-element-11fa612 elementor-section-boxed elementor-section-height-default elementor-section-height-default\" data-id=\"11fa612\" data-element_type=\"section\">\n\t\t\t\t\t\t<div class=\"elementor-container elementor-column-gap-default\">\n\t\t\t\t\t<div class=\"elementor-column elementor-col-100 elementor-top-column elementor-element elementor-element-fadefd2\" data-id=\"fadefd2\" data-element_type=\"column\">\n\t\t\t<div class=\"elementor-widget-wrap elementor-element-populated\">\n\t\t\t\t\t\t<div class=\"elementor-element elementor-element-bb4d031 elementor-widget elementor-widget-text-editor\" data-id=\"bb4d031\" data-element_type=\"widget\" data-widget_type=\"text-editor.default\">\n\t\t\t\t<div class=\"elementor-widget-container\">\n\t\t\t\t\t\t\t\t\t<p>El Ministerio de Asuntos Econ\u00f3micos y Transformaci\u00f3n Digital se ha comprometido a hacer accesible la web de Traky 365, de conformidad con el<a href=\"https:\/\/www.boe.es\/diario_boe\/txt.php?id=BOE-A-2018-12699\">&nbsp;Real Decreto 1112\/2018, de 7 de septiembre, sobre accesibilidad de los sitios web y aplicaciones para dispositivos m\u00f3viles del sector p\u00fablico<\/a>, por el que se traspone la Directiva (UE) 2016\/2102 del Parlamento Europeo y del Consejo, de 26 de octubre de 2016.<\/p>\n<p>La presente declaraci\u00f3n de accesibilidad se aplica a la web&nbsp;<a href=\"https:\/\/clinicabelenmiquel.es\/\">http:\/\/104.248.44.136\/<\/a><\/p>\n<h4><strong>SITUACI\u00d3N DE CUMPLIMIENTO<\/strong><\/h4>\n<p>Este sitio web es parcialmente conforme con el<a href=\"https:\/\/www.boe.es\/diario_boe\/txt.php?id=BOE-A-2018-12699\">&nbsp;RD 1112\/2018<\/a>&nbsp;debido a falta de conformidad con los aspectos que se indican a continuaci\u00f3n.<\/p>\n<h4><strong>CONTENIDO NO ACCESIBLE<\/strong><\/h4>\n<p>El contenido que se recoge a continuaci\u00f3n no es accesible por lo siguiente:<\/p>\n<ol>\n<li><strong>a) Falta en conformidad con el Real Decreto 1112\/2018<\/strong><\/li>\n<\/ol>\n<ul>\n<li>Algunas im\u00e1genes no est\u00e1n etiquetadas o tienen una alternativa textual gen\u00e9rica [requisito n\u00famero 9.1.1.1 de la norma UNE-EN 301549:2021-03 Contenido no textual].<\/li>\n<li>La presentaci\u00f3n visual de los elementos no siempre tiene una relaci\u00f3n de contraste de al menos 3:1 con respecto a los colores adyacentes [requisito n\u00famero 9.1.4.11 de UNE-EN 301549:2019 \u2013Contraste en elementos no textuales]<\/li>\n<li>En algunos textos no es posible anular el espaciado de texto especificado [requisito n\u00famero 9.1.4.12 de UNE-EN 301549:2019 \u2013 Espaciado del texto]<\/li>\n<li>Debido a incompatibilidades de algunos plugins utilizados no es posible el uso de atajos de teclado usando una \u00fanica letra, signo de puntuaci\u00f3n, etc. [requisito n\u00famero 9.2.1.4 Espaciado del texto UNE-EN 301549:2022].<\/li>\n<li>En algunas p\u00e1ginas no existe el mecanismo para omitir bloques de contenido que se repiten en varias p\u00e1ginas [requisito n\u00famero 9.2.4.1 de la norma UNE-EN 301549:2021-03 evitar bloques]<\/li>\n<li>De manera puntual alg\u00fan enlace podr\u00eda no tener definido el prop\u00f3sito espec\u00edfico de manera textual [requisito n\u00famero 9.2.4.4 de la norma UNE-EN 301549:2021-03 prop\u00f3sito de los enlaces]<\/li>\n<li>Existen errores puntuales en el acceso t\u00e1ctil para operar alg\u00fan contenido con un solo puntero [requisito n\u00famero 9.2.5.1 Gestos con el puntero de UNE-EN 301549:2022].<\/li>\n<li>En alg\u00fan control se utiliza un evento descendente para ejecutar una acci\u00f3n [requisito n\u00famero 9.2.5.2 de la norma UNE-EN 301549:2019 Cancelaci\u00f3n del puntero]<\/li>\n<li>Existen etiquetas que forman parte de la interfaz de usuario que incluyen texto o im\u00e1genes de texto cuyo nombre no contiene el texto que se presenta visualmente [requisito n\u00fam. 9.2.5.3 de UNE-EN 301549:2019].<\/li>\n<\/ul>\n<p><strong>b) Carga desproporcionada:<\/strong>&nbsp;No aplica.<\/p>\n<p><strong>c) El contenido no entra dentro del \u00e1mbito de la legislaci\u00f3n aplicable:<\/strong>&nbsp;No aplica.<\/p>\n<h4><strong>PREPARACI\u00d3N DE LA PRESENTE DECLARACI\u00d3N DE ACCESIBILIDAD<\/strong><\/h4>\n<p>La presente declaraci\u00f3n fue preparada el 19 de octubre de 2023.<\/p>\n<p>El m\u00e9todo empleado para preparar la declaraci\u00f3n ha sido una autoevaluaci\u00f3n llevada a cabo por Tandem Marketing Digital S.L.<\/p>\n<p>\u00daltima revisi\u00f3n de la declaraci\u00f3n: 1 de octubre de 2024.<\/p>\n<h4><strong>OBSERVACIONES Y DATOS DE CONTACTO<\/strong><\/h4>\n<p>Puede realizar comunicaciones sobre requisitos de accesibilidad (art\u00edculo 10.2.a) del RD 1112\/2018) como por ejemplo:<\/p>\n<ul>\n<li>Informar sobre cualquier posible incumplimiento por parte de este sitio web.<\/li>\n<li>Transmitir otras dificultades de acceso al contenido.<\/li>\n<li>Formular cualquier otra consulta o sugerencia de mejora relativa a la accesibilidad del sitio web.<\/li>\n<\/ul>\n<p>A trav\u00e9s de este<a href=\"https:\/\/clinicabelenmiquel.es\/contacto\/\">&nbsp;<\/a><a href=\"http:\/\/104.248.44.136\/contacto\/\" target=\"_blank\">formulario de contacto<\/a>.<\/p>\n<p>Puede presentar:<\/p>\n<ul>\n<li>Una Queja relativa al cumplimiento de los requisitos del RD 1112\/2018<\/li>\n<li>Una Solicitud de Informaci\u00f3n accesible relativa a:<\/li>\n<li>Contenidos que est\u00e1n excluidos del \u00e1mbito de aplicaci\u00f3n del RD 1112\/2018 seg\u00fan lo establecido por el art\u00edculo 3, apartado 4.<\/li>\n<li>Contenidos que est\u00e1n exentos del cumplimiento de los requisitos de accesibilidad por imponer una carga desproporcionada.<\/li>\n<\/ul>\n<p>En la Solicitud de informaci\u00f3n accesible, se debe concretar, con toda claridad, los hechos, razones y petici\u00f3n que permitan constatar que se trata de una solicitud razonable y leg\u00edtima.<\/p>\n<p>A trav\u00e9s de la Instancia Gen\u00e9rica de la Sede electr\u00f3nica del&nbsp; Ministerio de Asuntos Econ\u00f3micos y Transformaci\u00f3n Digital , as\u00ed como del resto de opciones recogidas en la Ley 39\/ 2015, de 1 de octubre, del Procedimiento Administrativo Com\u00fan de las Administraciones P\u00fablicas.<\/p>\n<p>Las comunicaciones, quejas y solicitudes de informaci\u00f3n accesible ser\u00e1n recibidas y tratadas por la Subdirecci\u00f3n General de Comunicaci\u00f3n.<\/p>\n<h4><strong>PROCEDIMIENTO DE APLICACI\u00d3N<\/strong><\/h4>\n<p>Si una vez realizada una solicitud de informaci\u00f3n accesible o queja, \u00e9sta hubiera sido desestimada, no se estuviera de acuerdo con la decisi\u00f3n adoptada, o la respuesta no cumpliera los requisitos contemplados en el art\u00edculo 12.5, la persona interesada podr\u00e1 iniciar una reclamaci\u00f3n. Igualmente se podr\u00e1 iniciar una reclamaci\u00f3n en el caso de que haya trascurrido el plazo de veinte d\u00edas h\u00e1biles sin haber obtenido respuesta.<\/p>\n<p>La reclamaci\u00f3n puede ser presentada trav\u00e9s de la<a href=\"https:\/\/serviciosede.mineco.gob.es\/FB\/Home.aspx?control=161_IG\">&nbsp;Instancia Gen\u00e9rica de la Sede electr\u00f3nica del Ministerio de Asuntos Econ\u00f3micos y Transformaci\u00f3n Digital.<\/a><\/p>\n<p>Las reclamaciones ser\u00e1n recibidas y tratadas por la Subsecretar\u00eda de Asuntos Econ\u00f3micos y Transformaci\u00f3n Digital del Ministerio de Asuntos Econ\u00f3micos y Transformaci\u00f3n Digital.<\/p>\t\t\t\t\t\t\t\t<\/div>\n\t\t\t\t<\/div>\n\t\t\t\t\t<\/div>\n\t\t<\/div>\n\t\t\t\t\t<\/div>\n\t\t<\/section>\n\t\t\t\t<\/div>","protected":false},"excerpt":{"rendered":"<p>El Ministerio de Asuntos Econ\u00f3micos y Transformaci\u00f3n Digital se ha comprometido a hacer accesible la web de Traky 365, de conformidad con el&nbsp;Real Decreto 1112\/2018, de 7 de septiembre, sobre accesibilidad de los sitios web y aplicaciones para dispositivos m\u00f3viles del sector p\u00fablico, por el que se traspone la Directiva (UE) 2016\/2102 del Parlamento Europeo [&hellip;]<\/p>","protected":false},"author":4,"featured_media":0,"parent":0,"menu_order":0,"comment_status":"closed","ping_status":"closed","template":"","meta":{"_acf_changed":false,"footnotes":""},"class_list":["post-34","page","type-page","status-publish","hentry"],"acf":[],"yoast_head":"<!-- This site is optimized with the Yoast SEO plugin v25.3.1 - https:\/\/yoast.com\/wordpress\/plugins\/seo\/ -->\n<title>Accesibilidad - traky365<\/title>\n<meta name=\"robots\" content=\"noindex, nofollow\" \/>\n<meta property=\"og:locale\" content=\"en_GB\" \/>\n<meta property=\"og:type\" content=\"article\" \/>\n<meta property=\"og:title\" content=\"Accesibilidad - traky365\" \/>\n<meta property=\"og:description\" content=\"El Ministerio de Asuntos Econ\u00f3micos y Transformaci\u00f3n Digital se ha comprometido a hacer accesible la web de Traky 365, de conformidad con el&nbsp;Real Decreto 1112\/2018, de 7 de septiembre, sobre accesibilidad de los sitios web y aplicaciones para dispositivos m\u00f3viles del sector p\u00fablico, por el que se traspone la Directiva (UE) 2016\/2102 del Parlamento Europeo [&hellip;]\" \/>\n<meta property=\"og:url\" content=\"https:\/\/traky365.com\/en\/accesibilidad\/\" \/>\n<meta property=\"og:site_name\" content=\"traky365\" \/>\n<meta property=\"article:publisher\" content=\"https:\/\/www.facebook.com\/traky365\" \/>\n<meta property=\"article:modified_time\" content=\"2024-10-02T08:21:03+00:00\" \/>\n<meta name=\"twitter:card\" content=\"summary_large_image\" \/>\n<meta name=\"twitter:site\" content=\"@traky365\" \/>\n<meta name=\"twitter:label1\" content=\"Estimated reading time\" \/>\n\t<meta name=\"twitter:data1\" content=\"4 minutes\" \/>\n<script type=\"application\/ld+json\" class=\"yoast-schema-graph\">{\"@context\":\"https:\/\/schema.org\",\"@graph\":[{\"@type\":\"WebPage\",\"@id\":\"https:\/\/traky365.com\/accesibilidad\/\",\"url\":\"https:\/\/traky365.com\/accesibilidad\/\",\"name\":\"Accesibilidad - traky365\",\"isPartOf\":{\"@id\":\"https:\/\/traky365.com\/#website\"},\"datePublished\":\"2023-05-11T16:04:09+00:00\",\"dateModified\":\"2024-10-02T08:21:03+00:00\",\"breadcrumb\":{\"@id\":\"https:\/\/traky365.com\/accesibilidad\/#breadcrumb\"},\"inLanguage\":\"en-GB\",\"potentialAction\":[{\"@type\":\"ReadAction\",\"target\":[\"https:\/\/traky365.com\/accesibilidad\/\"]}]},{\"@type\":\"BreadcrumbList\",\"@id\":\"https:\/\/traky365.com\/accesibilidad\/#breadcrumb\",\"itemListElement\":[{\"@type\":\"ListItem\",\"position\":1,\"name\":\"Portada\",\"item\":\"https:\/\/traky365.com\/\"},{\"@type\":\"ListItem\",\"position\":2,\"name\":\"Accesibilidad\"}]},{\"@type\":\"WebSite\",\"@id\":\"https:\/\/traky365.com\/#website\",\"url\":\"https:\/\/traky365.com\/\",\"name\":\"traky365\",\"description\":\"GPS live tracking, race control, virtual chrono and security for outdoor sport events\",\"publisher\":{\"@id\":\"https:\/\/traky365.com\/#organization\"},\"potentialAction\":[{\"@type\":\"SearchAction\",\"target\":{\"@type\":\"EntryPoint\",\"urlTemplate\":\"https:\/\/traky365.com\/?s={search_term_string}\"},\"query-input\":{\"@type\":\"PropertyValueSpecification\",\"valueRequired\":true,\"valueName\":\"search_term_string\"}}],\"inLanguage\":\"en-GB\"},{\"@type\":\"Organization\",\"@id\":\"https:\/\/traky365.com\/#organization\",\"name\":\"traky365\",\"url\":\"https:\/\/traky365.com\/\",\"logo\":{\"@type\":\"ImageObject\",\"inLanguage\":\"en-GB\",\"@id\":\"https:\/\/traky365.com\/#\/schema\/logo\/image\/\",\"url\":\"https:\/\/traky365.com\/wp-content\/uploads\/2023\/05\/Logo-traky.png\",\"contentUrl\":\"https:\/\/traky365.com\/wp-content\/uploads\/2023\/05\/Logo-traky.png\",\"width\":3647,\"height\":773,\"caption\":\"traky365\"},\"image\":{\"@id\":\"https:\/\/traky365.com\/#\/schema\/logo\/image\/\"},\"sameAs\":[\"https:\/\/www.facebook.com\/traky365\",\"https:\/\/x.com\/traky365\",\"https:\/\/www.instagram.com\/traky365\/\"]}]}<\/script>\n<!-- \/ Yoast SEO plugin. -->","yoast_head_json":{"title":"Accesibilidad - traky365","robots":{"index":"noindex","follow":"nofollow"},"og_locale":"en_GB","og_type":"article","og_title":"Accesibilidad - traky365","og_description":"El Ministerio de Asuntos Econ\u00f3micos y Transformaci\u00f3n Digital se ha comprometido a hacer accesible la web de Traky 365, de conformidad con el&nbsp;Real Decreto 1112\/2018, de 7 de septiembre, sobre accesibilidad de los sitios web y aplicaciones para dispositivos m\u00f3viles del sector p\u00fablico, por el que se traspone la Directiva (UE) 2016\/2102 del Parlamento Europeo [&hellip;]","og_url":"https:\/\/traky365.com\/en\/accesibilidad\/","og_site_name":"traky365","article_publisher":"https:\/\/www.facebook.com\/traky365","article_modified_time":"2024-10-02T08:21:03+00:00","twitter_card":"summary_large_image","twitter_site":"@traky365","twitter_misc":{"Estimated reading time":"4 minutes"},"schema":{"@context":"https:\/\/schema.org","@graph":[{"@type":"WebPage","@id":"https:\/\/traky365.com\/accesibilidad\/","url":"https:\/\/traky365.com\/accesibilidad\/","name":"Accesibilidad - traky365","isPartOf":{"@id":"https:\/\/traky365.com\/#website"},"datePublished":"2023-05-11T16:04:09+00:00","dateModified":"2024-10-02T08:21:03+00:00","breadcrumb":{"@id":"https:\/\/traky365.com\/accesibilidad\/#breadcrumb"},"inLanguage":"en-GB","potentialAction":[{"@type":"ReadAction","target":["https:\/\/traky365.com\/accesibilidad\/"]}]},{"@type":"BreadcrumbList","@id":"https:\/\/traky365.com\/accesibilidad\/#breadcrumb","itemListElement":[{"@type":"ListItem","position":1,"name":"Portada","item":"https:\/\/traky365.com\/"},{"@type":"ListItem","position":2,"name":"Accesibilidad"}]},{"@type":"WebSite","@id":"https:\/\/traky365.com\/#website","url":"https:\/\/traky365.com\/","name":"traky365","description":"GPS live tracking, race control, virtual chrono and security for outdoor sport events","publisher":{"@id":"https:\/\/traky365.com\/#organization"},"potentialAction":[{"@type":"SearchAction","target":{"@type":"EntryPoint","urlTemplate":"https:\/\/traky365.com\/?s={search_term_string}"},"query-input":{"@type":"PropertyValueSpecification","valueRequired":true,"valueName":"search_term_string"}}],"inLanguage":"en-GB"},{"@type":"Organization","@id":"https:\/\/traky365.com\/#organization","name":"traky365","url":"https:\/\/traky365.com\/","logo":{"@type":"ImageObject","inLanguage":"en-GB","@id":"https:\/\/traky365.com\/#\/schema\/logo\/image\/","url":"https:\/\/traky365.com\/wp-content\/uploads\/2023\/05\/Logo-traky.png","contentUrl":"https:\/\/traky365.com\/wp-content\/uploads\/2023\/05\/Logo-traky.png","width":3647,"height":773,"caption":"traky365"},"image":{"@id":"https:\/\/traky365.com\/#\/schema\/logo\/image\/"},"sameAs":["https:\/\/www.facebook.com\/traky365","https:\/\/x.com\/traky365","https:\/\/www.instagram.com\/traky365\/"]}]}},"_links":{"self":[{"href":"https:\/\/traky365.com\/en\/wp-json\/wp\/v2\/pages\/34","targetHints":{"allow":["GET"]}}],"collection":[{"href":"https:\/\/traky365.com\/en\/wp-json\/wp\/v2\/pages"}],"about":[{"href":"https:\/\/traky365.com\/en\/wp-json\/wp\/v2\/types\/page"}],"author":[{"embeddable":true,"href":"https:\/\/traky365.com\/en\/wp-json\/wp\/v2\/users\/4"}],"replies":[{"embeddable":true,"href":"https:\/\/traky365.com\/en\/wp-json\/wp\/v2\/comments?post=34"}],"version-history":[{"count":7,"href":"https:\/\/traky365.com\/en\/wp-json\/wp\/v2\/pages\/34\/revisions"}],"predecessor-version":[{"id":1977,"href":"https:\/\/traky365.com\/en\/wp-json\/wp\/v2\/pages\/34\/revisions\/1977"}],"wp:attachment":[{"href":"https:\/\/traky365.com\/en\/wp-json\/wp\/v2\/media?parent=34"}],"curies":[{"name":"wp","href":"https:\/\/api.w.org\/{rel}","templated":true}]}}