{"id":758,"date":"2023-09-25T10:02:52","date_gmt":"2023-09-25T08:02:52","guid":{"rendered":"http:\/\/104.248.44.136\/?page_id=758"},"modified":"2023-09-28T09:37:27","modified_gmt":"2023-09-28T07:37:27","slug":"crono","status":"publish","type":"page","link":"https:\/\/traky365.com\/en\/organizadores\/crono\/","title":{"rendered":"Cronometraje de eventos deportivos"},"content":{"rendered":"<div data-elementor-type=\"wp-page\" data-elementor-id=\"758\" class=\"elementor elementor-758\" data-elementor-post-type=\"page\">\n\t\t\t\t\t\t<section class=\"elementor-section elementor-top-section elementor-element elementor-element-59b10c3 elementor-section-boxed elementor-section-height-default elementor-section-height-default\" data-id=\"59b10c3\" data-element_type=\"section\">\n\t\t\t\t\t\t<div class=\"elementor-container elementor-column-gap-no\">\n\t\t\t\t\t<div class=\"elementor-column elementor-col-50 elementor-top-column elementor-element elementor-element-f576314\" data-id=\"f576314\" data-element_type=\"column\">\n\t\t\t<div class=\"elementor-widget-wrap elementor-element-populated\">\n\t\t\t\t\t\t<div class=\"elementor-element elementor-element-a4cf3c1 elementor-widget elementor-widget-image\" data-id=\"a4cf3c1\" data-element_type=\"widget\" data-widget_type=\"image.default\">\n\t\t\t\t<div class=\"elementor-widget-container\">\n\t\t\t\t\t\t\t\t\t\t\t\t\t\t\t\t<a href=\"http:\/\/104.248.44.136\/wp-content\/uploads\/2023\/09\/crono-client-1024x352-1.png\">\n\t\t\t\t\t\t\t<img fetchpriority=\"high\" decoding=\"async\" width=\"1856\" height=\"1212\" src=\"https:\/\/traky365.com\/wp-content\/uploads\/2023\/09\/Cronometraje.png\" class=\"attachment-full size-full wp-image-763\" alt=\"Cronometraje de participantes de eventos deportivos rastreo GPS\" srcset=\"https:\/\/traky365.com\/wp-content\/uploads\/2023\/09\/Cronometraje.png 1856w, https:\/\/traky365.com\/wp-content\/uploads\/2023\/09\/Cronometraje-300x196.png 300w, https:\/\/traky365.com\/wp-content\/uploads\/2023\/09\/Cronometraje-1024x669.png 1024w, https:\/\/traky365.com\/wp-content\/uploads\/2023\/09\/Cronometraje-768x502.png 768w, https:\/\/traky365.com\/wp-content\/uploads\/2023\/09\/Cronometraje-1536x1003.png 1536w, https:\/\/traky365.com\/wp-content\/uploads\/2023\/09\/Cronometraje-48x31.png 48w\" sizes=\"(max-width: 1856px) 100vw, 1856px\" \/>\t\t\t\t\t\t\t\t<\/a>\n\t\t\t\t\t\t\t\t\t\t\t\t\t\t\t<\/div>\n\t\t\t\t<\/div>\n\t\t\t\t\t<\/div>\n\t\t<\/div>\n\t\t\t\t<div class=\"elementor-column elementor-col-50 elementor-top-column elementor-element elementor-element-6197c66\" data-id=\"6197c66\" data-element_type=\"column\">\n\t\t\t<div class=\"elementor-widget-wrap elementor-element-populated\">\n\t\t\t\t\t\t<div class=\"elementor-element elementor-element-30fe65e elementor-widget elementor-widget-heading\" data-id=\"30fe65e\" data-element_type=\"widget\" data-widget_type=\"heading.default\">\n\t\t\t\t<div class=\"elementor-widget-container\">\n\t\t\t\t\t<p class=\"elementor-heading-title elementor-size-default\">Organizers<\/p>\t\t\t\t<\/div>\n\t\t\t\t<\/div>\n\t\t\t\t<div class=\"elementor-element elementor-element-9860959 elementor-widget elementor-widget-heading\" data-id=\"9860959\" data-element_type=\"widget\" data-widget_type=\"heading.default\">\n\t\t\t\t<div class=\"elementor-widget-container\">\n\t\t\t\t\t<h1 class=\"elementor-heading-title elementor-size-default\">Chrono<\/h1>\t\t\t\t<\/div>\n\t\t\t\t<\/div>\n\t\t\t\t<div class=\"elementor-element elementor-element-703b45d elementor-widget elementor-widget-heading\" data-id=\"703b45d\" data-element_type=\"widget\" data-widget_type=\"heading.default\">\n\t\t\t\t<div class=\"elementor-widget-container\">\n\t\t\t\t\t<p class=\"elementor-heading-title elementor-size-default\">How does it work?<\/p>\t\t\t\t<\/div>\n\t\t\t\t<\/div>\n\t\t\t\t<div class=\"elementor-element elementor-element-fe1e6de elementor-widget elementor-widget-text-editor\" data-id=\"fe1e6de\" data-element_type=\"widget\" data-widget_type=\"text-editor.default\">\n\t\t\t\t<div class=\"elementor-widget-container\">\n\t\t\t\t\t\t\t\t\t<p>The virtual chrono is compatible with the two types of trackers that we offer: GPS\/GSM trackers and Spot Gen3 terminals. While the former provide a higher precision, the latter are especially useful for confirming the passage of participants, although with a precision in the passage time of 2:30 or 5 minutes, depending on how the Spot terminal is configured.<\/p>\t\t\t\t\t\t\t\t<\/div>\n\t\t\t\t<\/div>\n\t\t\t\t\t<\/div>\n\t\t<\/div>\n\t\t\t\t\t<\/div>\n\t\t<\/section>\n\t\t\t\t<section class=\"elementor-section elementor-top-section elementor-element elementor-element-40a1b31 elementor-section-boxed elementor-section-height-default elementor-section-height-default\" data-id=\"40a1b31\" data-element_type=\"section\" data-settings=\"{&quot;background_background&quot;:&quot;classic&quot;}\">\n\t\t\t\t\t\t<div class=\"elementor-container elementor-column-gap-no\">\n\t\t\t\t\t<div class=\"elementor-column elementor-col-50 elementor-top-column elementor-element elementor-element-70e204b\" data-id=\"70e204b\" data-element_type=\"column\">\n\t\t\t<div class=\"elementor-widget-wrap elementor-element-populated\">\n\t\t\t\t\t\t<div class=\"elementor-element elementor-element-37787b4 elementor-widget elementor-widget-heading\" data-id=\"37787b4\" data-element_type=\"widget\" data-widget_type=\"heading.default\">\n\t\t\t\t<div class=\"elementor-widget-container\">\n\t\t\t\t\t<h2 class=\"elementor-heading-title elementor-size-default\">Virtual chrono with GPS\/GSM devices.<\/h2>\t\t\t\t<\/div>\n\t\t\t\t<\/div>\n\t\t\t\t<div class=\"elementor-element elementor-element-4d82108 elementor-widget elementor-widget-text-editor\" data-id=\"4d82108\" data-element_type=\"widget\" data-widget_type=\"text-editor.default\">\n\t\t\t\t<div class=\"elementor-widget-container\">\n\t\t\t\t\t\t\t\t\t<p><strong>Setting:<\/strong><\/p><p>To ensure high precision in passage times, we program our GPS\/GSM trackers to record the location every 4 seconds. This means that the device saves latitude, longitude, altitude, speed and direction data every 4 seconds. If such high precision is not required, devices can be programmed to capture data at a lower frequency, such as 10 seconds, 30 seconds, one minute, or even more.<\/p><p>This virtual timing system integrates perfectly with the rest of Traky365's functionalities, offering a complete solution for the management and monitoring of sporting events.<\/p>\t\t\t\t\t\t\t\t<\/div>\n\t\t\t\t<\/div>\n\t\t\t\t\t<\/div>\n\t\t<\/div>\n\t\t\t\t<div class=\"elementor-column elementor-col-50 elementor-top-column elementor-element elementor-element-7d0a5c8\" data-id=\"7d0a5c8\" data-element_type=\"column\">\n\t\t\t<div class=\"elementor-widget-wrap elementor-element-populated\">\n\t\t\t\t\t\t<div class=\"elementor-element elementor-element-5188d6d elementor-widget elementor-widget-image\" data-id=\"5188d6d\" data-element_type=\"widget\" data-widget_type=\"image.default\">\n\t\t\t\t<div class=\"elementor-widget-container\">\n\t\t\t\t\t\t\t\t\t\t\t\t\t\t\t\t<a href=\"http:\/\/104.248.44.136\/wp-content\/uploads\/2023\/09\/tracker-gps-gsm-1-1.png\" data-elementor-open-lightbox=\"yes\" data-elementor-lightbox-title=\"tracker-gps-gsm-1\" data-e-action-hash=\"#elementor-action%3Aaction%3Dlightbox%26settings%3DeyJpZCI6NzYxLCJ1cmwiOiJodHRwczpcL1wvdHJha3kzNjUuY29tXC93cC1jb250ZW50XC91cGxvYWRzXC8yMDIzXC8wOVwvdHJhY2tlci1ncHMtZ3NtLTEtMS5wbmcifQ%3D%3D\">\n\t\t\t\t\t\t\t<img decoding=\"async\" width=\"217\" height=\"195\" src=\"https:\/\/traky365.com\/wp-content\/uploads\/2023\/09\/tracker-gps-gsm-1-1.png\" class=\"attachment-full size-full wp-image-761\" alt=\"Tracker gps para eventos deportivos\" srcset=\"https:\/\/traky365.com\/wp-content\/uploads\/2023\/09\/tracker-gps-gsm-1-1.png 217w, https:\/\/traky365.com\/wp-content\/uploads\/2023\/09\/tracker-gps-gsm-1-1-48x43.png 48w\" sizes=\"(max-width: 217px) 100vw, 217px\" \/>\t\t\t\t\t\t\t\t<\/a>\n\t\t\t\t\t\t\t\t\t\t\t\t\t\t\t<\/div>\n\t\t\t\t<\/div>\n\t\t\t\t\t<\/div>\n\t\t<\/div>\n\t\t\t\t\t<\/div>\n\t\t<\/section>\n\t\t\t\t<section class=\"elementor-section elementor-top-section elementor-element elementor-element-d165ca5 elementor-section-boxed elementor-section-height-default elementor-section-height-default\" data-id=\"d165ca5\" data-element_type=\"section\" data-settings=\"{&quot;background_background&quot;:&quot;classic&quot;}\">\n\t\t\t\t\t\t<div class=\"elementor-container elementor-column-gap-default\">\n\t\t\t\t\t<div class=\"elementor-column elementor-col-100 elementor-top-column elementor-element elementor-element-cd603f2\" data-id=\"cd603f2\" data-element_type=\"column\">\n\t\t\t<div class=\"elementor-widget-wrap elementor-element-populated\">\n\t\t\t\t\t\t<div class=\"elementor-element elementor-element-9c16c70 elementor-widget elementor-widget-heading\" data-id=\"9c16c70\" data-element_type=\"widget\" data-widget_type=\"heading.default\">\n\t\t\t\t<div class=\"elementor-widget-container\">\n\t\t\t\t\t<h3 class=\"elementor-heading-title elementor-size-default\">Contact us<\/h3>\t\t\t\t<\/div>\n\t\t\t\t<\/div>\n\t\t\t\t<div class=\"elementor-element elementor-element-faa06a6 elementor-button-align-end elementor-widget elementor-widget-global elementor-global-954 elementor-widget-form\" data-id=\"faa06a6\" data-element_type=\"widget\" data-settings=\"{&quot;step_next_label&quot;:&quot;Next&quot;,&quot;step_previous_label&quot;:&quot;Previous&quot;,&quot;button_width&quot;:&quot;100&quot;,&quot;step_type&quot;:&quot;number_text&quot;,&quot;step_icon_shape&quot;:&quot;circle&quot;}\" data-widget_type=\"form.default\">\n\t\t\t\t<div class=\"elementor-widget-container\">\n\t\t\t\t\t\t\t<form class=\"elementor-form\" method=\"post\" name=\"Formulario de contacto\" action=\"\">\n\t\t\t<input type=\"hidden\" name=\"post_id\" value=\"758\"\/>\n\t\t\t<input type=\"hidden\" name=\"form_id\" value=\"faa06a6\"\/>\n\t\t\t<input type=\"hidden\" name=\"referer_title\" value=\"traky365\" \/>\n\n\t\t\t\n\t\t\t<div class=\"elementor-form-fields-wrapper elementor-labels-\">\n\t\t\t\t\t\t\t\t<div class=\"elementor-field-type-text elementor-field-group elementor-column elementor-field-group-name elementor-col-50 elementor-field-required\">\n\t\t\t\t\t\t\t\t\t\t\t\t<label for=\"form-field-name\" class=\"elementor-field-label elementor-screen-only\">\n\t\t\t\t\t\t\t\tName\t\t\t\t\t\t\t<\/label>\n\t\t\t\t\t\t\t\t\t\t\t\t\t\t<input size=\"1\" type=\"text\" name=\"form_fields[name]\" id=\"form-field-name\" class=\"elementor-field elementor-size-sm  elementor-field-textual\" placeholder=\"Name*\" required=\"required\" aria-required=\"true\">\n\t\t\t\t\t\t\t\t\t\t\t<\/div>\n\t\t\t\t\t\t\t\t<div class=\"elementor-field-type-email elementor-field-group elementor-column elementor-field-group-email elementor-col-50 elementor-field-required\">\n\t\t\t\t\t\t\t\t\t\t\t\t<label for=\"form-field-email\" class=\"elementor-field-label elementor-screen-only\">\n\t\t\t\t\t\t\t\tEmail\t\t\t\t\t\t\t<\/label>\n\t\t\t\t\t\t\t\t\t\t\t\t\t\t<input size=\"1\" type=\"email\" name=\"form_fields[email]\" id=\"form-field-email\" class=\"elementor-field elementor-size-sm  elementor-field-textual\" placeholder=\"Email*\" required=\"required\" aria-required=\"true\">\n\t\t\t\t\t\t\t\t\t\t\t<\/div>\n\t\t\t\t\t\t\t\t<div class=\"elementor-field-type-tel elementor-field-group elementor-column elementor-field-group-field_412530f elementor-col-50 elementor-field-required\">\n\t\t\t\t\t\t\t\t\t\t\t\t<label for=\"form-field-field_412530f\" class=\"elementor-field-label elementor-screen-only\">\n\t\t\t\t\t\t\t\tPhone\t\t\t\t\t\t\t<\/label>\n\t\t\t\t\t\t\t\t<input size=\"1\" type=\"tel\" name=\"form_fields[field_412530f]\" id=\"form-field-field_412530f\" class=\"elementor-field elementor-size-sm  elementor-field-textual\" placeholder=\"Phone\" required=\"required\" aria-required=\"true\" pattern=\"[0-9()#&amp;+*-=.]+\" title=\"Only numbers and phone characters (#, -, *, etc) are accepted.\">\n\n\t\t\t\t\t\t<\/div>\n\t\t\t\t\t\t\t\t<div class=\"elementor-field-type-textarea elementor-field-group elementor-column elementor-field-group-field_46ab805 elementor-col-50\">\n\t\t\t\t\t\t\t\t\t\t\t\t<label for=\"form-field-field_46ab805\" class=\"elementor-field-label elementor-screen-only\">\n\t\t\t\t\t\t\t\tmesage\t\t\t\t\t\t\t<\/label>\n\t\t\t\t\t\t<textarea class=\"elementor-field-textual elementor-field  elementor-size-sm\" name=\"form_fields[field_46ab805]\" id=\"form-field-field_46ab805\" rows=\"2\" placeholder=\"mesage\"><\/textarea>\t\t\t\t<\/div>\n\t\t\t\t\t\t\t\t<div class=\"elementor-field-type-html elementor-field-group elementor-column elementor-field-group-field_8f40862 elementor-col-100\">\n\t\t\t\t\tTraky365 only uses the data, collected with your consent, to be able to contact you. We do not give your data to anyone and you can access, rectify or delete it simply by sending us an email.\t\t\t\t<\/div>\n\t\t\t\t\t\t\t\t<div class=\"elementor-field-type-acceptance elementor-field-group elementor-column elementor-field-group-field_e794f05 elementor-col-100 elementor-field-required\">\n\t\t\t\t\t\t\t<div class=\"elementor-field-subgroup\">\n\t\t\t<span class=\"elementor-field-option\">\n\t\t\t\t<input type=\"checkbox\" name=\"form_fields[field_e794f05]\" id=\"form-field-field_e794f05\" class=\"elementor-field elementor-size-sm  elementor-acceptance-field\" required=\"required\" aria-required=\"true\">\n\t\t\t\t<label for=\"form-field-field_e794f05\" class=\" translation-block\">Acepto la <a href=\"http:\/\/104.248.44.136\/politica-de-privacidad\/\" target=\"_self\" role=\"link\">Pol\u00edtica de Privacidad.*<\/a><\/label>\t\t\t<\/span>\n\t\t<\/div>\n\t\t\t\t\t\t<\/div>\n\t\t\t\t\t\t\t\t<div class=\"elementor-field-type-recaptcha_v3 elementor-field-group elementor-column elementor-field-group-field_6ae4beb elementor-col-100 recaptcha_v3-bottomright\">\n\t\t\t\t\t<div class=\"elementor-field\" id=\"form-field-field_6ae4beb\"><div class=\"elementor-g-recaptcha\" data-sitekey=\"6LcIniQoAAAAALO3ltt0w4T4DYwOmk6Q6t4sq3Wv\" data-type=\"v3\" data-action=\"Form\" data-badge=\"bottomright\" data-size=\"invisible\"><\/div><\/div>\t\t\t\t<\/div>\n\t\t\t\t\t\t\t\t<div class=\"elementor-field-group elementor-column elementor-field-type-submit elementor-col-100 e-form__buttons\">\n\t\t\t\t\t<button type=\"submit\" class=\"elementor-button elementor-size-sm\">\n\t\t\t\t\t\t<span >\n\t\t\t\t\t\t\t\t\t\t\t\t\t\t\t<span class=\"elementor-button-icon\">\n\t\t\t\t\t\t\t\t\t\t\t\t\t\t\t\t\t\t\t\t\t\t\t\t\t\t<\/span>\n\t\t\t\t\t\t\t\t\t\t\t\t\t\t\t\t\t\t\t\t\t\t<span class=\"elementor-button-text\">Submit<\/span>\n\t\t\t\t\t\t\t\t\t\t\t\t\t<\/span>\n\t\t\t\t\t<\/button>\n\t\t\t\t<\/div>\n\t\t\t<\/div>\n\t\t<input type=\"hidden\" name=\"trp-form-language\" value=\"en\"\/><\/form>\n\t\t\t\t\t\t<\/div>\n\t\t\t\t<\/div>\n\t\t\t\t\t<\/div>\n\t\t<\/div>\n\t\t\t\t\t<\/div>\n\t\t<\/section>\n\t\t\t\t<\/div>","protected":false},"excerpt":{"rendered":"<p>Organizadores: Crono \u00bfC\u00f3mo Funciona? El crono virtual es compatible con los dos tipos de localizadores que ofrecemos: los trackers GPS\/GSM y los terminales Spot Gen3. Mientras que los primeros proporcionan una precisi\u00f3n m\u00e1s alta, los segundos son especialmente \u00fatiles para confirmar el paso de los participantes, aunque con una precisi\u00f3n en la hora de paso [&hellip;]<\/p>","protected":false},"author":4,"featured_media":0,"parent":112,"menu_order":0,"comment_status":"closed","ping_status":"closed","template":"","meta":{"_acf_changed":false,"footnotes":""},"class_list":["post-758","page","type-page","status-publish","hentry"],"acf":[],"yoast_head":"<!-- This site is optimized with the Yoast SEO plugin v25.3.1 - https:\/\/yoast.com\/wordpress\/plugins\/seo\/ -->\n<title>Cronometraje de eventos deportivos - traky365<\/title>\n<meta name=\"description\" content=\"Cronometra el tiempo de recorrido de tus participantes de manera autom\u00e1tica y precisa, proporcionando una experiencia \u00fanica para atletas y organizadores. Nuestra soluci\u00f3n avanzada te permite supervisar cada detalle, desde la seguridad de los participantes hasta la eficiencia log\u00edstica.\" \/>\n<meta name=\"robots\" content=\"index, follow, max-snippet:-1, max-image-preview:large, max-video-preview:-1\" \/>\n<link rel=\"canonical\" href=\"https:\/\/traky365.com\/en\/organizadores\/crono\/\" \/>\n<meta property=\"og:locale\" content=\"en_GB\" \/>\n<meta property=\"og:type\" content=\"article\" \/>\n<meta property=\"og:title\" content=\"Cronometraje de eventos deportivos - traky365\" \/>\n<meta property=\"og:description\" content=\"Cronometra el tiempo de recorrido de tus participantes de manera autom\u00e1tica y precisa, proporcionando una experiencia \u00fanica para atletas y organizadores. Nuestra soluci\u00f3n avanzada te permite supervisar cada detalle, desde la seguridad de los participantes hasta la eficiencia log\u00edstica.\" \/>\n<meta property=\"og:url\" content=\"https:\/\/traky365.com\/en\/organizadores\/crono\/\" \/>\n<meta property=\"og:site_name\" content=\"traky365\" \/>\n<meta property=\"article:publisher\" content=\"https:\/\/www.facebook.com\/traky365\" \/>\n<meta property=\"article:modified_time\" content=\"2023-09-28T07:37:27+00:00\" \/>\n<meta property=\"og:image\" content=\"http:\/\/104.248.44.136\/wp-content\/uploads\/2023\/09\/Cronometraje.png\" \/>\n<meta name=\"twitter:card\" content=\"summary_large_image\" \/>\n<meta name=\"twitter:site\" content=\"@traky365\" \/>\n<meta name=\"twitter:label1\" content=\"Estimated reading time\" \/>\n\t<meta name=\"twitter:data1\" content=\"2 minutes\" \/>\n<script type=\"application\/ld+json\" class=\"yoast-schema-graph\">{\"@context\":\"https:\/\/schema.org\",\"@graph\":[{\"@type\":\"WebPage\",\"@id\":\"https:\/\/traky365.com\/organizadores\/crono\/\",\"url\":\"https:\/\/traky365.com\/organizadores\/crono\/\",\"name\":\"Cronometraje de eventos deportivos - traky365\",\"isPartOf\":{\"@id\":\"https:\/\/traky365.com\/#website\"},\"primaryImageOfPage\":{\"@id\":\"https:\/\/traky365.com\/organizadores\/crono\/#primaryimage\"},\"image\":{\"@id\":\"https:\/\/traky365.com\/organizadores\/crono\/#primaryimage\"},\"thumbnailUrl\":\"http:\/\/104.248.44.136\/wp-content\/uploads\/2023\/09\/Cronometraje.png\",\"datePublished\":\"2023-09-25T08:02:52+00:00\",\"dateModified\":\"2023-09-28T07:37:27+00:00\",\"description\":\"Cronometra el tiempo de recorrido de tus participantes de manera autom\u00e1tica y precisa, proporcionando una experiencia \u00fanica para atletas y organizadores. Nuestra soluci\u00f3n avanzada te permite supervisar cada detalle, desde la seguridad de los participantes hasta la eficiencia log\u00edstica.\",\"breadcrumb\":{\"@id\":\"https:\/\/traky365.com\/organizadores\/crono\/#breadcrumb\"},\"inLanguage\":\"en-GB\",\"potentialAction\":[{\"@type\":\"ReadAction\",\"target\":[\"https:\/\/traky365.com\/organizadores\/crono\/\"]}]},{\"@type\":\"ImageObject\",\"inLanguage\":\"en-GB\",\"@id\":\"https:\/\/traky365.com\/organizadores\/crono\/#primaryimage\",\"url\":\"http:\/\/104.248.44.136\/wp-content\/uploads\/2023\/09\/Cronometraje.png\",\"contentUrl\":\"http:\/\/104.248.44.136\/wp-content\/uploads\/2023\/09\/Cronometraje.png\"},{\"@type\":\"BreadcrumbList\",\"@id\":\"https:\/\/traky365.com\/organizadores\/crono\/#breadcrumb\",\"itemListElement\":[{\"@type\":\"ListItem\",\"position\":1,\"name\":\"Portada\",\"item\":\"https:\/\/traky365.com\/\"},{\"@type\":\"ListItem\",\"position\":2,\"name\":\"Organizadores de eventos deportivos\",\"item\":\"https:\/\/traky365.com\/organizadores\/\"},{\"@type\":\"ListItem\",\"position\":3,\"name\":\"Cronometraje de eventos deportivos\"}]},{\"@type\":\"WebSite\",\"@id\":\"https:\/\/traky365.com\/#website\",\"url\":\"https:\/\/traky365.com\/\",\"name\":\"traky365\",\"description\":\"GPS live tracking, race control, virtual chrono and security for outdoor sport events\",\"publisher\":{\"@id\":\"https:\/\/traky365.com\/#organization\"},\"potentialAction\":[{\"@type\":\"SearchAction\",\"target\":{\"@type\":\"EntryPoint\",\"urlTemplate\":\"https:\/\/traky365.com\/?s={search_term_string}\"},\"query-input\":{\"@type\":\"PropertyValueSpecification\",\"valueRequired\":true,\"valueName\":\"search_term_string\"}}],\"inLanguage\":\"en-GB\"},{\"@type\":\"Organization\",\"@id\":\"https:\/\/traky365.com\/#organization\",\"name\":\"traky365\",\"url\":\"https:\/\/traky365.com\/\",\"logo\":{\"@type\":\"ImageObject\",\"inLanguage\":\"en-GB\",\"@id\":\"https:\/\/traky365.com\/#\/schema\/logo\/image\/\",\"url\":\"https:\/\/traky365.com\/wp-content\/uploads\/2023\/05\/Logo-traky.png\",\"contentUrl\":\"https:\/\/traky365.com\/wp-content\/uploads\/2023\/05\/Logo-traky.png\",\"width\":3647,\"height\":773,\"caption\":\"traky365\"},\"image\":{\"@id\":\"https:\/\/traky365.com\/#\/schema\/logo\/image\/\"},\"sameAs\":[\"https:\/\/www.facebook.com\/traky365\",\"https:\/\/x.com\/traky365\",\"https:\/\/www.instagram.com\/traky365\/\"]}]}<\/script>\n<!-- \/ Yoast SEO plugin. -->","yoast_head_json":{"title":"Cronometraje de eventos deportivos - traky365","description":"Cronometra el tiempo de recorrido de tus participantes de manera autom\u00e1tica y precisa, proporcionando una experiencia \u00fanica para atletas y organizadores. Nuestra soluci\u00f3n avanzada te permite supervisar cada detalle, desde la seguridad de los participantes hasta la eficiencia log\u00edstica.","robots":{"index":"index","follow":"follow","max-snippet":"max-snippet:-1","max-image-preview":"max-image-preview:large","max-video-preview":"max-video-preview:-1"},"canonical":"https:\/\/traky365.com\/en\/organizadores\/crono\/","og_locale":"en_GB","og_type":"article","og_title":"Cronometraje de eventos deportivos - traky365","og_description":"Cronometra el tiempo de recorrido de tus participantes de manera autom\u00e1tica y precisa, proporcionando una experiencia \u00fanica para atletas y organizadores. Nuestra soluci\u00f3n avanzada te permite supervisar cada detalle, desde la seguridad de los participantes hasta la eficiencia log\u00edstica.","og_url":"https:\/\/traky365.com\/en\/organizadores\/crono\/","og_site_name":"traky365","article_publisher":"https:\/\/www.facebook.com\/traky365","article_modified_time":"2023-09-28T07:37:27+00:00","og_image":[{"url":"http:\/\/104.248.44.136\/wp-content\/uploads\/2023\/09\/Cronometraje.png","type":"","width":"","height":""}],"twitter_card":"summary_large_image","twitter_site":"@traky365","twitter_misc":{"Estimated reading time":"2 minutes"},"schema":{"@context":"https:\/\/schema.org","@graph":[{"@type":"WebPage","@id":"https:\/\/traky365.com\/organizadores\/crono\/","url":"https:\/\/traky365.com\/organizadores\/crono\/","name":"Cronometraje de eventos deportivos - traky365","isPartOf":{"@id":"https:\/\/traky365.com\/#website"},"primaryImageOfPage":{"@id":"https:\/\/traky365.com\/organizadores\/crono\/#primaryimage"},"image":{"@id":"https:\/\/traky365.com\/organizadores\/crono\/#primaryimage"},"thumbnailUrl":"http:\/\/104.248.44.136\/wp-content\/uploads\/2023\/09\/Cronometraje.png","datePublished":"2023-09-25T08:02:52+00:00","dateModified":"2023-09-28T07:37:27+00:00","description":"Cronometra el tiempo de recorrido de tus participantes de manera autom\u00e1tica y precisa, proporcionando una experiencia \u00fanica para atletas y organizadores. Nuestra soluci\u00f3n avanzada te permite supervisar cada detalle, desde la seguridad de los participantes hasta la eficiencia log\u00edstica.","breadcrumb":{"@id":"https:\/\/traky365.com\/organizadores\/crono\/#breadcrumb"},"inLanguage":"en-GB","potentialAction":[{"@type":"ReadAction","target":["https:\/\/traky365.com\/organizadores\/crono\/"]}]},{"@type":"ImageObject","inLanguage":"en-GB","@id":"https:\/\/traky365.com\/organizadores\/crono\/#primaryimage","url":"http:\/\/104.248.44.136\/wp-content\/uploads\/2023\/09\/Cronometraje.png","contentUrl":"http:\/\/104.248.44.136\/wp-content\/uploads\/2023\/09\/Cronometraje.png"},{"@type":"BreadcrumbList","@id":"https:\/\/traky365.com\/organizadores\/crono\/#breadcrumb","itemListElement":[{"@type":"ListItem","position":1,"name":"Portada","item":"https:\/\/traky365.com\/"},{"@type":"ListItem","position":2,"name":"Organizadores de eventos deportivos","item":"https:\/\/traky365.com\/organizadores\/"},{"@type":"ListItem","position":3,"name":"Cronometraje de eventos deportivos"}]},{"@type":"WebSite","@id":"https:\/\/traky365.com\/#website","url":"https:\/\/traky365.com\/","name":"traky365","description":"GPS live tracking, race control, virtual chrono and security for outdoor sport events","publisher":{"@id":"https:\/\/traky365.com\/#organization"},"potentialAction":[{"@type":"SearchAction","target":{"@type":"EntryPoint","urlTemplate":"https:\/\/traky365.com\/?s={search_term_string}"},"query-input":{"@type":"PropertyValueSpecification","valueRequired":true,"valueName":"search_term_string"}}],"inLanguage":"en-GB"},{"@type":"Organization","@id":"https:\/\/traky365.com\/#organization","name":"traky365","url":"https:\/\/traky365.com\/","logo":{"@type":"ImageObject","inLanguage":"en-GB","@id":"https:\/\/traky365.com\/#\/schema\/logo\/image\/","url":"https:\/\/traky365.com\/wp-content\/uploads\/2023\/05\/Logo-traky.png","contentUrl":"https:\/\/traky365.com\/wp-content\/uploads\/2023\/05\/Logo-traky.png","width":3647,"height":773,"caption":"traky365"},"image":{"@id":"https:\/\/traky365.com\/#\/schema\/logo\/image\/"},"sameAs":["https:\/\/www.facebook.com\/traky365","https:\/\/x.com\/traky365","https:\/\/www.instagram.com\/traky365\/"]}]}},"_links":{"self":[{"href":"https:\/\/traky365.com\/en\/wp-json\/wp\/v2\/pages\/758","targetHints":{"allow":["GET"]}}],"collection":[{"href":"https:\/\/traky365.com\/en\/wp-json\/wp\/v2\/pages"}],"about":[{"href":"https:\/\/traky365.com\/en\/wp-json\/wp\/v2\/types\/page"}],"author":[{"embeddable":true,"href":"https:\/\/traky365.com\/en\/wp-json\/wp\/v2\/users\/4"}],"replies":[{"embeddable":true,"href":"https:\/\/traky365.com\/en\/wp-json\/wp\/v2\/comments?post=758"}],"version-history":[{"count":24,"href":"https:\/\/traky365.com\/en\/wp-json\/wp\/v2\/pages\/758\/revisions"}],"predecessor-version":[{"id":1374,"href":"https:\/\/traky365.com\/en\/wp-json\/wp\/v2\/pages\/758\/revisions\/1374"}],"up":[{"embeddable":true,"href":"https:\/\/traky365.com\/en\/wp-json\/wp\/v2\/pages\/112"}],"wp:attachment":[{"href":"https:\/\/traky365.com\/en\/wp-json\/wp\/v2\/media?parent=758"}],"curies":[{"name":"wp","href":"https:\/\/api.w.org\/{rel}","templated":true}]}}