{"id":870,"date":"2023-09-25T11:53:07","date_gmt":"2023-09-25T09:53:07","guid":{"rendered":"http:\/\/104.248.44.136\/?page_id=870"},"modified":"2023-09-28T09:38:51","modified_gmt":"2023-09-28T07:38:51","slug":"soporte","status":"publish","type":"page","link":"https:\/\/traky365.com\/en\/organizadores\/soporte\/","title":{"rendered":"Soporte GPS de eventos"},"content":{"rendered":"<div data-elementor-type=\"wp-page\" data-elementor-id=\"870\" class=\"elementor elementor-870\" data-elementor-post-type=\"page\">\n\t\t\t\t\t\t<section class=\"elementor-section elementor-top-section elementor-element elementor-element-ab15ba8 elementor-section-boxed elementor-section-height-default elementor-section-height-default\" data-id=\"ab15ba8\" data-element_type=\"section\">\n\t\t\t\t\t\t<div class=\"elementor-container elementor-column-gap-no\">\n\t\t\t\t\t<div class=\"elementor-column elementor-col-50 elementor-top-column elementor-element elementor-element-7c7f23b\" data-id=\"7c7f23b\" data-element_type=\"column\">\n\t\t\t<div class=\"elementor-widget-wrap elementor-element-populated\">\n\t\t\t\t\t\t<div class=\"elementor-element elementor-element-62a4bb6 elementor-widget elementor-widget-image\" data-id=\"62a4bb6\" data-element_type=\"widget\" data-widget_type=\"image.default\">\n\t\t\t\t<div class=\"elementor-widget-container\">\n\t\t\t\t\t\t\t\t\t\t\t\t\t\t\t<img fetchpriority=\"high\" decoding=\"async\" width=\"1500\" height=\"970\" src=\"https:\/\/traky365.com\/wp-content\/uploads\/2023\/09\/Soporte.png\" class=\"attachment-full size-full wp-image-873\" alt=\"Visualizaci\u00f3n de mapas en eventos deportivos\" srcset=\"https:\/\/traky365.com\/wp-content\/uploads\/2023\/09\/Soporte.png 1500w, https:\/\/traky365.com\/wp-content\/uploads\/2023\/09\/Soporte-300x194.png 300w, https:\/\/traky365.com\/wp-content\/uploads\/2023\/09\/Soporte-1024x662.png 1024w, https:\/\/traky365.com\/wp-content\/uploads\/2023\/09\/Soporte-768x497.png 768w, https:\/\/traky365.com\/wp-content\/uploads\/2023\/09\/Soporte-48x31.png 48w\" sizes=\"(max-width: 1500px) 100vw, 1500px\" \/>\t\t\t\t\t\t\t\t\t\t\t\t\t\t\t<\/div>\n\t\t\t\t<\/div>\n\t\t\t\t\t<\/div>\n\t\t<\/div>\n\t\t\t\t<div class=\"elementor-column elementor-col-50 elementor-top-column elementor-element elementor-element-5fd8988\" data-id=\"5fd8988\" data-element_type=\"column\">\n\t\t\t<div class=\"elementor-widget-wrap elementor-element-populated\">\n\t\t\t\t\t\t<div class=\"elementor-element elementor-element-7160389 elementor-widget elementor-widget-heading\" data-id=\"7160389\" data-element_type=\"widget\" data-widget_type=\"heading.default\">\n\t\t\t\t<div class=\"elementor-widget-container\">\n\t\t\t\t\t<p class=\"elementor-heading-title elementor-size-default\">Organizers<\/p>\t\t\t\t<\/div>\n\t\t\t\t<\/div>\n\t\t\t\t<div class=\"elementor-element elementor-element-36c86c3 elementor-widget elementor-widget-heading\" data-id=\"36c86c3\" data-element_type=\"widget\" data-widget_type=\"heading.default\">\n\t\t\t\t<div class=\"elementor-widget-container\">\n\t\t\t\t\t<h1 class=\"elementor-heading-title elementor-size-default\">Support<\/h1>\t\t\t\t<\/div>\n\t\t\t\t<\/div>\n\t\t\t\t<div class=\"elementor-element elementor-element-3448969 elementor-widget elementor-widget-text-editor\" data-id=\"3448969\" data-element_type=\"widget\" data-widget_type=\"text-editor.default\">\n\t\t\t\t<div class=\"elementor-widget-container\">\n\t\t\t\t\t\t\t\t\t<p>Your event will have the presence of a technician at the venue, who will be in charge of turning on all the trackers, checking their correct operation and distributing them to your participants.<\/p><p>During the event, the technician will help his control teams to check the correct development of the event and will give notice if necessary: participant off the course, excessive speed or abandonment.<\/p><p>Throughout the event you can count on remote support in Valencia that can check the communications of the locators and servers in more detail.<\/p>\t\t\t\t\t\t\t\t<\/div>\n\t\t\t\t<\/div>\n\t\t\t\t\t<\/div>\n\t\t<\/div>\n\t\t\t\t\t<\/div>\n\t\t<\/section>\n\t\t\t\t<section class=\"elementor-section elementor-top-section elementor-element elementor-element-8ed522c elementor-section-boxed elementor-section-height-default elementor-section-height-default\" data-id=\"8ed522c\" data-element_type=\"section\" data-settings=\"{&quot;background_background&quot;:&quot;classic&quot;}\">\n\t\t\t\t\t\t<div class=\"elementor-container elementor-column-gap-default\">\n\t\t\t\t\t<div class=\"elementor-column elementor-col-100 elementor-top-column elementor-element elementor-element-3fc3c3b\" data-id=\"3fc3c3b\" data-element_type=\"column\">\n\t\t\t<div class=\"elementor-widget-wrap elementor-element-populated\">\n\t\t\t\t\t\t<div class=\"elementor-element elementor-element-3c2b911 elementor-widget elementor-widget-heading\" data-id=\"3c2b911\" data-element_type=\"widget\" data-widget_type=\"heading.default\">\n\t\t\t\t<div class=\"elementor-widget-container\">\n\t\t\t\t\t<h3 class=\"elementor-heading-title elementor-size-default\">Contact us<\/h3>\t\t\t\t<\/div>\n\t\t\t\t<\/div>\n\t\t\t\t<div class=\"elementor-element elementor-element-a2e5d50 elementor-button-align-end elementor-widget elementor-widget-global elementor-global-954 elementor-widget-form\" data-id=\"a2e5d50\" data-element_type=\"widget\" data-settings=\"{&quot;step_next_label&quot;:&quot;Next&quot;,&quot;step_previous_label&quot;:&quot;Previous&quot;,&quot;button_width&quot;:&quot;100&quot;,&quot;step_type&quot;:&quot;number_text&quot;,&quot;step_icon_shape&quot;:&quot;circle&quot;}\" data-widget_type=\"form.default\">\n\t\t\t\t<div class=\"elementor-widget-container\">\n\t\t\t\t\t\t\t<form class=\"elementor-form\" method=\"post\" name=\"Formulario de contacto\" action=\"\">\n\t\t\t<input type=\"hidden\" name=\"post_id\" value=\"870\"\/>\n\t\t\t<input type=\"hidden\" name=\"form_id\" value=\"a2e5d50\"\/>\n\t\t\t<input type=\"hidden\" name=\"referer_title\" value=\"traky365\" \/>\n\n\t\t\t\n\t\t\t<div class=\"elementor-form-fields-wrapper elementor-labels-\">\n\t\t\t\t\t\t\t\t<div class=\"elementor-field-type-text elementor-field-group elementor-column elementor-field-group-name elementor-col-50 elementor-field-required\">\n\t\t\t\t\t\t\t\t\t\t\t\t<label for=\"form-field-name\" class=\"elementor-field-label elementor-screen-only\">\n\t\t\t\t\t\t\t\tName\t\t\t\t\t\t\t<\/label>\n\t\t\t\t\t\t\t\t\t\t\t\t\t\t<input size=\"1\" type=\"text\" name=\"form_fields[name]\" id=\"form-field-name\" class=\"elementor-field elementor-size-sm  elementor-field-textual\" placeholder=\"Name*\" required=\"required\" aria-required=\"true\">\n\t\t\t\t\t\t\t\t\t\t\t<\/div>\n\t\t\t\t\t\t\t\t<div class=\"elementor-field-type-email elementor-field-group elementor-column elementor-field-group-email elementor-col-50 elementor-field-required\">\n\t\t\t\t\t\t\t\t\t\t\t\t<label for=\"form-field-email\" class=\"elementor-field-label elementor-screen-only\">\n\t\t\t\t\t\t\t\tEmail\t\t\t\t\t\t\t<\/label>\n\t\t\t\t\t\t\t\t\t\t\t\t\t\t<input size=\"1\" type=\"email\" name=\"form_fields[email]\" id=\"form-field-email\" class=\"elementor-field elementor-size-sm  elementor-field-textual\" placeholder=\"Email*\" required=\"required\" aria-required=\"true\">\n\t\t\t\t\t\t\t\t\t\t\t<\/div>\n\t\t\t\t\t\t\t\t<div class=\"elementor-field-type-tel elementor-field-group elementor-column elementor-field-group-field_412530f elementor-col-50 elementor-field-required\">\n\t\t\t\t\t\t\t\t\t\t\t\t<label for=\"form-field-field_412530f\" class=\"elementor-field-label elementor-screen-only\">\n\t\t\t\t\t\t\t\tPhone\t\t\t\t\t\t\t<\/label>\n\t\t\t\t\t\t\t\t<input size=\"1\" type=\"tel\" name=\"form_fields[field_412530f]\" id=\"form-field-field_412530f\" class=\"elementor-field elementor-size-sm  elementor-field-textual\" placeholder=\"Phone\" required=\"required\" aria-required=\"true\" pattern=\"[0-9()#&amp;+*-=.]+\" title=\"Only numbers and phone characters (#, -, *, etc) are accepted.\">\n\n\t\t\t\t\t\t<\/div>\n\t\t\t\t\t\t\t\t<div class=\"elementor-field-type-textarea elementor-field-group elementor-column elementor-field-group-field_46ab805 elementor-col-50\">\n\t\t\t\t\t\t\t\t\t\t\t\t<label for=\"form-field-field_46ab805\" class=\"elementor-field-label elementor-screen-only\">\n\t\t\t\t\t\t\t\tmesage\t\t\t\t\t\t\t<\/label>\n\t\t\t\t\t\t<textarea class=\"elementor-field-textual elementor-field  elementor-size-sm\" name=\"form_fields[field_46ab805]\" id=\"form-field-field_46ab805\" rows=\"2\" placeholder=\"mesage\"><\/textarea>\t\t\t\t<\/div>\n\t\t\t\t\t\t\t\t<div class=\"elementor-field-type-html elementor-field-group elementor-column elementor-field-group-field_8f40862 elementor-col-100\">\n\t\t\t\t\tTraky365 only uses the data, collected with your consent, to be able to contact you. We do not give your data to anyone and you can access, rectify or delete it simply by sending us an email.\t\t\t\t<\/div>\n\t\t\t\t\t\t\t\t<div class=\"elementor-field-type-acceptance elementor-field-group elementor-column elementor-field-group-field_e794f05 elementor-col-100 elementor-field-required\">\n\t\t\t\t\t\t\t<div class=\"elementor-field-subgroup\">\n\t\t\t<span class=\"elementor-field-option\">\n\t\t\t\t<input type=\"checkbox\" name=\"form_fields[field_e794f05]\" id=\"form-field-field_e794f05\" class=\"elementor-field elementor-size-sm  elementor-acceptance-field\" required=\"required\" aria-required=\"true\">\n\t\t\t\t<label for=\"form-field-field_e794f05\" class=\" translation-block\">Acepto la <a href=\"http:\/\/104.248.44.136\/politica-de-privacidad\/\" target=\"_self\" role=\"link\">Pol\u00edtica de Privacidad.*<\/a><\/label>\t\t\t<\/span>\n\t\t<\/div>\n\t\t\t\t\t\t<\/div>\n\t\t\t\t\t\t\t\t<div class=\"elementor-field-type-recaptcha_v3 elementor-field-group elementor-column elementor-field-group-field_6ae4beb elementor-col-100 recaptcha_v3-bottomright\">\n\t\t\t\t\t<div class=\"elementor-field\" id=\"form-field-field_6ae4beb\"><div class=\"elementor-g-recaptcha\" data-sitekey=\"6LcIniQoAAAAALO3ltt0w4T4DYwOmk6Q6t4sq3Wv\" data-type=\"v3\" data-action=\"Form\" data-badge=\"bottomright\" data-size=\"invisible\"><\/div><\/div>\t\t\t\t<\/div>\n\t\t\t\t\t\t\t\t<div class=\"elementor-field-group elementor-column elementor-field-type-submit elementor-col-100 e-form__buttons\">\n\t\t\t\t\t<button type=\"submit\" class=\"elementor-button elementor-size-sm\">\n\t\t\t\t\t\t<span >\n\t\t\t\t\t\t\t\t\t\t\t\t\t\t\t<span class=\"elementor-button-icon\">\n\t\t\t\t\t\t\t\t\t\t\t\t\t\t\t\t\t\t\t\t\t\t\t\t\t\t<\/span>\n\t\t\t\t\t\t\t\t\t\t\t\t\t\t\t\t\t\t\t\t\t\t<span class=\"elementor-button-text\">Submit<\/span>\n\t\t\t\t\t\t\t\t\t\t\t\t\t<\/span>\n\t\t\t\t\t<\/button>\n\t\t\t\t<\/div>\n\t\t\t<\/div>\n\t\t<input type=\"hidden\" name=\"trp-form-language\" value=\"en\"\/><\/form>\n\t\t\t\t\t\t<\/div>\n\t\t\t\t<\/div>\n\t\t\t\t\t<\/div>\n\t\t<\/div>\n\t\t\t\t\t<\/div>\n\t\t<\/section>\n\t\t\t\t<\/div>","protected":false},"excerpt":{"rendered":"<p>Organizadores: Soporte Su evento contar\u00e1 con la presencia de un t\u00e9cnico en el lugar de celebraci\u00f3n, se encargar\u00e1 de encender todos los trackers, comprobar su correcto funcionamiento y repartirlos a sus participantes. Durante el evento el t\u00e9cnico ayudar\u00e1 a sus equipos de control a comprobar el correcto desarrollo del evento y dar\u00e1 aviso en caso [&hellip;]<\/p>","protected":false},"author":4,"featured_media":0,"parent":112,"menu_order":0,"comment_status":"closed","ping_status":"closed","template":"","meta":{"_acf_changed":false,"footnotes":""},"class_list":["post-870","page","type-page","status-publish","hentry"],"acf":[],"yoast_head":"<!-- This site is optimized with the Yoast SEO plugin v25.3.1 - https:\/\/yoast.com\/wordpress\/plugins\/seo\/ -->\n<title>Soporte GPS de eventos - traky365<\/title>\n<meta name=\"description\" content=\"Potencia tus eventos con nuestro completo y fiable servicio de soporte GPS. Desde el seguimiento en tiempo real hasta la gesti\u00f3n de la log\u00edstica. Control total, precisi\u00f3n y seguridad son la esencia de nuestra plataforma online.\" \/>\n<meta name=\"robots\" content=\"index, follow, max-snippet:-1, max-image-preview:large, max-video-preview:-1\" \/>\n<link rel=\"canonical\" href=\"https:\/\/traky365.com\/en\/organizadores\/soporte\/\" \/>\n<meta property=\"og:locale\" content=\"en_GB\" \/>\n<meta property=\"og:type\" content=\"article\" \/>\n<meta property=\"og:title\" content=\"Soporte GPS de eventos - traky365\" \/>\n<meta property=\"og:description\" content=\"Potencia tus eventos con nuestro completo y fiable servicio de soporte GPS. Desde el seguimiento en tiempo real hasta la gesti\u00f3n de la log\u00edstica. Control total, precisi\u00f3n y seguridad son la esencia de nuestra plataforma online.\" \/>\n<meta property=\"og:url\" content=\"https:\/\/traky365.com\/en\/organizadores\/soporte\/\" \/>\n<meta property=\"og:site_name\" content=\"traky365\" \/>\n<meta property=\"article:publisher\" content=\"https:\/\/www.facebook.com\/traky365\" \/>\n<meta property=\"article:modified_time\" content=\"2023-09-28T07:38:51+00:00\" \/>\n<meta property=\"og:image\" content=\"http:\/\/104.248.44.136\/wp-content\/uploads\/2023\/09\/Soporte.png\" \/>\n<meta name=\"twitter:card\" content=\"summary_large_image\" \/>\n<meta name=\"twitter:site\" content=\"@traky365\" \/>\n<meta name=\"twitter:label1\" content=\"Estimated reading time\" \/>\n\t<meta name=\"twitter:data1\" content=\"1 minute\" \/>\n<script type=\"application\/ld+json\" class=\"yoast-schema-graph\">{\"@context\":\"https:\/\/schema.org\",\"@graph\":[{\"@type\":\"WebPage\",\"@id\":\"https:\/\/traky365.com\/organizadores\/soporte\/\",\"url\":\"https:\/\/traky365.com\/organizadores\/soporte\/\",\"name\":\"Soporte GPS de eventos - traky365\",\"isPartOf\":{\"@id\":\"https:\/\/traky365.com\/#website\"},\"primaryImageOfPage\":{\"@id\":\"https:\/\/traky365.com\/organizadores\/soporte\/#primaryimage\"},\"image\":{\"@id\":\"https:\/\/traky365.com\/organizadores\/soporte\/#primaryimage\"},\"thumbnailUrl\":\"http:\/\/104.248.44.136\/wp-content\/uploads\/2023\/09\/Soporte.png\",\"datePublished\":\"2023-09-25T09:53:07+00:00\",\"dateModified\":\"2023-09-28T07:38:51+00:00\",\"description\":\"Potencia tus eventos con nuestro completo y fiable servicio de soporte GPS. Desde el seguimiento en tiempo real hasta la gesti\u00f3n de la log\u00edstica. Control total, precisi\u00f3n y seguridad son la esencia de nuestra plataforma online.\",\"breadcrumb\":{\"@id\":\"https:\/\/traky365.com\/organizadores\/soporte\/#breadcrumb\"},\"inLanguage\":\"en-GB\",\"potentialAction\":[{\"@type\":\"ReadAction\",\"target\":[\"https:\/\/traky365.com\/organizadores\/soporte\/\"]}]},{\"@type\":\"ImageObject\",\"inLanguage\":\"en-GB\",\"@id\":\"https:\/\/traky365.com\/organizadores\/soporte\/#primaryimage\",\"url\":\"http:\/\/104.248.44.136\/wp-content\/uploads\/2023\/09\/Soporte.png\",\"contentUrl\":\"http:\/\/104.248.44.136\/wp-content\/uploads\/2023\/09\/Soporte.png\"},{\"@type\":\"BreadcrumbList\",\"@id\":\"https:\/\/traky365.com\/organizadores\/soporte\/#breadcrumb\",\"itemListElement\":[{\"@type\":\"ListItem\",\"position\":1,\"name\":\"Portada\",\"item\":\"https:\/\/traky365.com\/\"},{\"@type\":\"ListItem\",\"position\":2,\"name\":\"Organizadores de eventos deportivos\",\"item\":\"https:\/\/traky365.com\/organizadores\/\"},{\"@type\":\"ListItem\",\"position\":3,\"name\":\"Soporte GPS de eventos\"}]},{\"@type\":\"WebSite\",\"@id\":\"https:\/\/traky365.com\/#website\",\"url\":\"https:\/\/traky365.com\/\",\"name\":\"traky365\",\"description\":\"GPS live tracking, race control, virtual chrono and security for outdoor sport events\",\"publisher\":{\"@id\":\"https:\/\/traky365.com\/#organization\"},\"potentialAction\":[{\"@type\":\"SearchAction\",\"target\":{\"@type\":\"EntryPoint\",\"urlTemplate\":\"https:\/\/traky365.com\/?s={search_term_string}\"},\"query-input\":{\"@type\":\"PropertyValueSpecification\",\"valueRequired\":true,\"valueName\":\"search_term_string\"}}],\"inLanguage\":\"en-GB\"},{\"@type\":\"Organization\",\"@id\":\"https:\/\/traky365.com\/#organization\",\"name\":\"traky365\",\"url\":\"https:\/\/traky365.com\/\",\"logo\":{\"@type\":\"ImageObject\",\"inLanguage\":\"en-GB\",\"@id\":\"https:\/\/traky365.com\/#\/schema\/logo\/image\/\",\"url\":\"https:\/\/traky365.com\/wp-content\/uploads\/2023\/05\/Logo-traky.png\",\"contentUrl\":\"https:\/\/traky365.com\/wp-content\/uploads\/2023\/05\/Logo-traky.png\",\"width\":3647,\"height\":773,\"caption\":\"traky365\"},\"image\":{\"@id\":\"https:\/\/traky365.com\/#\/schema\/logo\/image\/\"},\"sameAs\":[\"https:\/\/www.facebook.com\/traky365\",\"https:\/\/x.com\/traky365\",\"https:\/\/www.instagram.com\/traky365\/\"]}]}<\/script>\n<!-- \/ Yoast SEO plugin. -->","yoast_head_json":{"title":"Soporte GPS de eventos - traky365","description":"Potencia tus eventos con nuestro completo y fiable servicio de soporte GPS. Desde el seguimiento en tiempo real hasta la gesti\u00f3n de la log\u00edstica. Control total, precisi\u00f3n y seguridad son la esencia de nuestra plataforma online.","robots":{"index":"index","follow":"follow","max-snippet":"max-snippet:-1","max-image-preview":"max-image-preview:large","max-video-preview":"max-video-preview:-1"},"canonical":"https:\/\/traky365.com\/en\/organizadores\/soporte\/","og_locale":"en_GB","og_type":"article","og_title":"Soporte GPS de eventos - traky365","og_description":"Potencia tus eventos con nuestro completo y fiable servicio de soporte GPS. Desde el seguimiento en tiempo real hasta la gesti\u00f3n de la log\u00edstica. Control total, precisi\u00f3n y seguridad son la esencia de nuestra plataforma online.","og_url":"https:\/\/traky365.com\/en\/organizadores\/soporte\/","og_site_name":"traky365","article_publisher":"https:\/\/www.facebook.com\/traky365","article_modified_time":"2023-09-28T07:38:51+00:00","og_image":[{"url":"http:\/\/104.248.44.136\/wp-content\/uploads\/2023\/09\/Soporte.png","type":"","width":"","height":""}],"twitter_card":"summary_large_image","twitter_site":"@traky365","twitter_misc":{"Estimated reading time":"1 minute"},"schema":{"@context":"https:\/\/schema.org","@graph":[{"@type":"WebPage","@id":"https:\/\/traky365.com\/organizadores\/soporte\/","url":"https:\/\/traky365.com\/organizadores\/soporte\/","name":"Soporte GPS de eventos - traky365","isPartOf":{"@id":"https:\/\/traky365.com\/#website"},"primaryImageOfPage":{"@id":"https:\/\/traky365.com\/organizadores\/soporte\/#primaryimage"},"image":{"@id":"https:\/\/traky365.com\/organizadores\/soporte\/#primaryimage"},"thumbnailUrl":"http:\/\/104.248.44.136\/wp-content\/uploads\/2023\/09\/Soporte.png","datePublished":"2023-09-25T09:53:07+00:00","dateModified":"2023-09-28T07:38:51+00:00","description":"Potencia tus eventos con nuestro completo y fiable servicio de soporte GPS. Desde el seguimiento en tiempo real hasta la gesti\u00f3n de la log\u00edstica. Control total, precisi\u00f3n y seguridad son la esencia de nuestra plataforma online.","breadcrumb":{"@id":"https:\/\/traky365.com\/organizadores\/soporte\/#breadcrumb"},"inLanguage":"en-GB","potentialAction":[{"@type":"ReadAction","target":["https:\/\/traky365.com\/organizadores\/soporte\/"]}]},{"@type":"ImageObject","inLanguage":"en-GB","@id":"https:\/\/traky365.com\/organizadores\/soporte\/#primaryimage","url":"http:\/\/104.248.44.136\/wp-content\/uploads\/2023\/09\/Soporte.png","contentUrl":"http:\/\/104.248.44.136\/wp-content\/uploads\/2023\/09\/Soporte.png"},{"@type":"BreadcrumbList","@id":"https:\/\/traky365.com\/organizadores\/soporte\/#breadcrumb","itemListElement":[{"@type":"ListItem","position":1,"name":"Portada","item":"https:\/\/traky365.com\/"},{"@type":"ListItem","position":2,"name":"Organizadores de eventos deportivos","item":"https:\/\/traky365.com\/organizadores\/"},{"@type":"ListItem","position":3,"name":"Soporte GPS de eventos"}]},{"@type":"WebSite","@id":"https:\/\/traky365.com\/#website","url":"https:\/\/traky365.com\/","name":"traky365","description":"GPS live tracking, race control, virtual chrono and security for outdoor sport events","publisher":{"@id":"https:\/\/traky365.com\/#organization"},"potentialAction":[{"@type":"SearchAction","target":{"@type":"EntryPoint","urlTemplate":"https:\/\/traky365.com\/?s={search_term_string}"},"query-input":{"@type":"PropertyValueSpecification","valueRequired":true,"valueName":"search_term_string"}}],"inLanguage":"en-GB"},{"@type":"Organization","@id":"https:\/\/traky365.com\/#organization","name":"traky365","url":"https:\/\/traky365.com\/","logo":{"@type":"ImageObject","inLanguage":"en-GB","@id":"https:\/\/traky365.com\/#\/schema\/logo\/image\/","url":"https:\/\/traky365.com\/wp-content\/uploads\/2023\/05\/Logo-traky.png","contentUrl":"https:\/\/traky365.com\/wp-content\/uploads\/2023\/05\/Logo-traky.png","width":3647,"height":773,"caption":"traky365"},"image":{"@id":"https:\/\/traky365.com\/#\/schema\/logo\/image\/"},"sameAs":["https:\/\/www.facebook.com\/traky365","https:\/\/x.com\/traky365","https:\/\/www.instagram.com\/traky365\/"]}]}},"_links":{"self":[{"href":"https:\/\/traky365.com\/en\/wp-json\/wp\/v2\/pages\/870","targetHints":{"allow":["GET"]}}],"collection":[{"href":"https:\/\/traky365.com\/en\/wp-json\/wp\/v2\/pages"}],"about":[{"href":"https:\/\/traky365.com\/en\/wp-json\/wp\/v2\/types\/page"}],"author":[{"embeddable":true,"href":"https:\/\/traky365.com\/en\/wp-json\/wp\/v2\/users\/4"}],"replies":[{"embeddable":true,"href":"https:\/\/traky365.com\/en\/wp-json\/wp\/v2\/comments?post=870"}],"version-history":[{"count":21,"href":"https:\/\/traky365.com\/en\/wp-json\/wp\/v2\/pages\/870\/revisions"}],"predecessor-version":[{"id":1377,"href":"https:\/\/traky365.com\/en\/wp-json\/wp\/v2\/pages\/870\/revisions\/1377"}],"up":[{"embeddable":true,"href":"https:\/\/traky365.com\/en\/wp-json\/wp\/v2\/pages\/112"}],"wp:attachment":[{"href":"https:\/\/traky365.com\/en\/wp-json\/wp\/v2\/media?parent=870"}],"curies":[{"name":"wp","href":"https:\/\/api.w.org\/{rel}","templated":true}]}}