{"id":112,"date":"2023-09-14T13:00:01","date_gmt":"2023-09-14T11:00:01","guid":{"rendered":"http:\/\/104.248.44.136\/?page_id=112"},"modified":"2023-10-30T17:43:58","modified_gmt":"2023-10-30T15:43:58","slug":"organizadores","status":"publish","type":"page","link":"https:\/\/traky365.com\/fr\/organizadores\/","title":{"rendered":"Organizadores de eventos deportivos"},"content":{"rendered":"<div data-elementor-type=\"wp-page\" data-elementor-id=\"112\" class=\"elementor elementor-112\" data-elementor-post-type=\"page\">\n\t\t\t\t\t\t<section class=\"elementor-section elementor-top-section elementor-element elementor-element-e6337ac elementor-section-boxed elementor-section-height-default elementor-section-height-default\" data-id=\"e6337ac\" data-element_type=\"section\">\n\t\t\t\t\t\t<div class=\"elementor-container elementor-column-gap-no\">\n\t\t\t\t\t<div class=\"elementor-column elementor-col-50 elementor-top-column elementor-element elementor-element-ebbed16\" data-id=\"ebbed16\" data-element_type=\"column\">\n\t\t\t<div class=\"elementor-widget-wrap elementor-element-populated\">\n\t\t\t\t\t\t<div class=\"elementor-element elementor-element-8849f72 elementor-widget elementor-widget-heading\" data-id=\"8849f72\" data-element_type=\"widget\" data-widget_type=\"heading.default\">\n\t\t\t\t<div class=\"elementor-widget-container\">\n\t\t\t\t\t<p class=\"elementor-heading-title elementor-size-default\">Organisateurs<\/p>\t\t\t\t<\/div>\n\t\t\t\t<\/div>\n\t\t\t\t<div class=\"elementor-element elementor-element-71c944a elementor-widget elementor-widget-heading\" data-id=\"71c944a\" data-element_type=\"widget\" data-widget_type=\"heading.default\">\n\t\t\t\t<div class=\"elementor-widget-container\">\n\t\t\t\t\t<h1 class=\"elementor-heading-title elementor-size-default\">Nous sommes diff\u00e9rents.<\/h1>\t\t\t\t<\/div>\n\t\t\t\t<\/div>\n\t\t\t\t<section class=\"elementor-section elementor-inner-section elementor-element elementor-element-7af17b5 elementor-section-boxed elementor-section-height-default elementor-section-height-default\" data-id=\"7af17b5\" data-element_type=\"section\">\n\t\t\t\t\t\t<div class=\"elementor-container elementor-column-gap-default\">\n\t\t\t\t\t<div class=\"elementor-column elementor-col-100 elementor-inner-column elementor-element elementor-element-481dcf2\" data-id=\"481dcf2\" data-element_type=\"column\">\n\t\t\t<div class=\"elementor-widget-wrap elementor-element-populated\">\n\t\t\t\t\t\t<div class=\"elementor-element elementor-element-42fb5f9 elementor-widget elementor-widget-text-editor\" data-id=\"42fb5f9\" data-element_type=\"widget\" data-widget_type=\"text-editor.default\">\n\t\t\t\t<div class=\"elementor-widget-container\">\n\t\t\t\t\t\t\t\t\t<p>While most companies prefer to send the GPS trackers by parcel, we, in order to obtain an optimal result, we travel to the event to ensure the correct activation of the trackers, study the specificities of the race, train staff and, just as importantly, know ourselves.<\/p>\t\t\t\t\t\t\t\t<\/div>\n\t\t\t\t<\/div>\n\t\t\t\t\t<\/div>\n\t\t<\/div>\n\t\t\t\t\t<\/div>\n\t\t<\/section>\n\t\t\t\t\t<\/div>\n\t\t<\/div>\n\t\t\t\t<div class=\"elementor-column elementor-col-50 elementor-top-column elementor-element elementor-element-ee5a1ac\" data-id=\"ee5a1ac\" data-element_type=\"column\">\n\t\t\t<div class=\"elementor-widget-wrap elementor-element-populated\">\n\t\t\t\t\t\t<div class=\"elementor-element elementor-element-aaf4474 elementor-widget elementor-widget-image\" data-id=\"aaf4474\" data-element_type=\"widget\" data-widget_type=\"image.default\">\n\t\t\t\t<div class=\"elementor-widget-container\">\n\t\t\t\t\t\t\t\t\t\t\t\t\t\t\t<img fetchpriority=\"high\" decoding=\"async\" width=\"500\" height=\"448\" src=\"https:\/\/traky365.com\/wp-content\/uploads\/2023\/09\/seguimiento-mapas.png\" class=\"attachment-full size-full wp-image-336\" alt=\"Seguimiento de mapas de control GPS\" srcset=\"https:\/\/traky365.com\/wp-content\/uploads\/2023\/09\/seguimiento-mapas.png 500w, https:\/\/traky365.com\/wp-content\/uploads\/2023\/09\/seguimiento-mapas-300x269.png 300w\" sizes=\"(max-width: 500px) 100vw, 500px\" \/>\t\t\t\t\t\t\t\t\t\t\t\t\t\t\t<\/div>\n\t\t\t\t<\/div>\n\t\t\t\t\t<\/div>\n\t\t<\/div>\n\t\t\t\t\t<\/div>\n\t\t<\/section>\n\t\t\t\t<section class=\"elementor-section elementor-top-section elementor-element elementor-element-b76842d elementor-section-boxed elementor-section-height-default elementor-section-height-default\" data-id=\"b76842d\" data-element_type=\"section\">\n\t\t\t\t\t\t<div class=\"elementor-container elementor-column-gap-default\">\n\t\t\t\t\t<div class=\"elementor-column elementor-col-100 elementor-top-column elementor-element elementor-element-5a0a180\" data-id=\"5a0a180\" data-element_type=\"column\">\n\t\t\t<div class=\"elementor-widget-wrap elementor-element-populated\">\n\t\t\t\t\t\t<div class=\"elementor-element elementor-element-b65508f elementor-widget elementor-widget-heading\" data-id=\"b65508f\" data-element_type=\"widget\" data-widget_type=\"heading.default\">\n\t\t\t\t<div class=\"elementor-widget-container\">\n\t\t\t\t\t<h3 class=\"elementor-heading-title elementor-size-default\">Nous offrons:<\/h3>\t\t\t\t<\/div>\n\t\t\t\t<\/div>\n\t\t\t\t<div class=\"elementor-element elementor-element-d1e2f59 elementor-icon-list--layout-traditional elementor-list-item-link-full_width elementor-widget elementor-widget-icon-list\" data-id=\"d1e2f59\" data-element_type=\"widget\" data-widget_type=\"icon-list.default\">\n\t\t\t\t<div class=\"elementor-widget-container\">\n\t\t\t\t\t\t\t<ul class=\"elementor-icon-list-items\">\n\t\t\t\t\t\t\t<li class=\"elementor-icon-list-item\">\n\t\t\t\t\t\t\t\t\t\t\t<span class=\"elementor-icon-list-icon\">\n\t\t\t\t\t\t\t<i aria-hidden=\"true\" class=\"fas fa-long-arrow-alt-right\"><\/i>\t\t\t\t\t\t<\/span>\n\t\t\t\t\t\t\t\t\t\t<span class=\"elementor-icon-list-text\">Des solutions \u00e9conomiques et fiables avec des remises en fonction de la quantit\u00e9 et du nombre de jours.<\/span>\n\t\t\t\t\t\t\t\t\t<\/li>\n\t\t\t\t\t\t\t\t<li class=\"elementor-icon-list-item\">\n\t\t\t\t\t\t\t\t\t\t\t<span class=\"elementor-icon-list-icon\">\n\t\t\t\t\t\t\t<i aria-hidden=\"true\" class=\"fas fa-long-arrow-alt-right\"><\/i>\t\t\t\t\t\t<\/span>\n\t\t\t\t\t\t\t\t\t\t<span class=\"elementor-icon-list-text\">Un technicien disponible sur place qui sera en charge du contr\u00f4le et de la distribution des traceurs GPS. Nous veillons \u00e0 ce que tous les trackers \u00e9mettent correctement leur position GPS avant de les remettre aux participants.<\/span>\n\t\t\t\t\t\t\t\t\t<\/li>\n\t\t\t\t\t\t\t\t<li class=\"elementor-icon-list-item\">\n\t\t\t\t\t\t\t\t\t\t\t<span class=\"elementor-icon-list-icon\">\n\t\t\t\t\t\t\t<i aria-hidden=\"true\" class=\"fas fa-long-arrow-alt-right\"><\/i>\t\t\t\t\t\t<\/span>\n\t\t\t\t\t\t\t\t\t\t<span class=\"elementor-icon-list-text\">Un technicien, dans nos bureaux, disponible pendant toute la course par t\u00e9l\u00e9phone, t\u00e9l\u00e9gram, whatsapp et email (sans co\u00fbt suppl\u00e9mentaire)<\/span>\n\t\t\t\t\t\t\t\t\t<\/li>\n\t\t\t\t\t\t\t\t<li class=\"elementor-icon-list-item\">\n\t\t\t\t\t\t\t\t\t\t\t<span class=\"elementor-icon-list-icon\">\n\t\t\t\t\t\t\t<i aria-hidden=\"true\" class=\"fas fa-long-arrow-alt-right\"><\/i>\t\t\t\t\t\t<\/span>\n\t\t\t\t\t\t\t\t\t\t<span class=\"elementor-icon-list-text\">Surveillance automatique de nos traceurs GPS et de nos serveurs pandant toute la course.<\/span>\n\t\t\t\t\t\t\t\t\t<\/li>\n\t\t\t\t\t\t<\/ul>\n\t\t\t\t\t\t<\/div>\n\t\t\t\t<\/div>\n\t\t\t\t\t<\/div>\n\t\t<\/div>\n\t\t\t\t\t<\/div>\n\t\t<\/section>\n\t\t\t\t<section class=\"elementor-section elementor-top-section elementor-element elementor-element-c2efe75 elementor-section-boxed elementor-section-height-default elementor-section-height-default\" data-id=\"c2efe75\" data-element_type=\"section\">\n\t\t\t\t\t\t<div class=\"elementor-container elementor-column-gap-default\">\n\t\t\t\t\t<div class=\"elementor-column elementor-col-100 elementor-top-column elementor-element elementor-element-28d1397\" data-id=\"28d1397\" data-element_type=\"column\">\n\t\t\t<div class=\"elementor-widget-wrap elementor-element-populated\">\n\t\t\t\t\t\t<div class=\"elementor-element elementor-element-fe1ff33 elementor-widget elementor-widget-heading\" data-id=\"fe1ff33\" data-element_type=\"widget\" data-widget_type=\"heading.default\">\n\t\t\t\t<div class=\"elementor-widget-container\">\n\t\t\t\t\t<h2 class=\"elementor-heading-title elementor-size-default\">Ils nous font confiance:<\/h2>\t\t\t\t<\/div>\n\t\t\t\t<\/div>\n\t\t\t\t<div class=\"elementor-element elementor-element-7c4fec4 elementor-grid-5 elementor-posts__hover-none elementor-posts--thumbnail-none elementor-grid-tablet-2 elementor-grid-mobile-1 elementor-widget elementor-widget-posts\" data-id=\"7c4fec4\" data-element_type=\"widget\" data-settings=\"{&quot;cards_columns&quot;:&quot;5&quot;,&quot;cards_columns_tablet&quot;:&quot;2&quot;,&quot;cards_columns_mobile&quot;:&quot;1&quot;,&quot;cards_row_gap&quot;:{&quot;unit&quot;:&quot;px&quot;,&quot;size&quot;:35,&quot;sizes&quot;:[]},&quot;cards_row_gap_tablet&quot;:{&quot;unit&quot;:&quot;px&quot;,&quot;size&quot;:&quot;&quot;,&quot;sizes&quot;:[]},&quot;cards_row_gap_mobile&quot;:{&quot;unit&quot;:&quot;px&quot;,&quot;size&quot;:&quot;&quot;,&quot;sizes&quot;:[]}}\" data-widget_type=\"posts.cards\">\n\t\t\t\t<div class=\"elementor-widget-container\">\n\t\t\t\t\t\t\t<div class=\"elementor-posts-container elementor-posts elementor-posts--skin-cards elementor-grid\">\n\t\t\t\t<article class=\"elementor-post elementor-grid-item post-2228 event_organizer type-event_organizer status-publish has-post-thumbnail hentry\">\n\t\t\t<div class=\"elementor-post__card\">\n\t\t\t\t<div class=\"elementor-post__text\">\n\t\t\t\t<h3 class=\"elementor-post__title\">\n\t\t\t<a href=\"https:\/\/traky365.com\/fr\/event-organizer\/ajuntament-de-fiestrat\/\" >\n\t\t\t\tAjuntament de Finestrat\t\t\t<\/a>\n\t\t<\/h3>\n\t\t\n\t\t<a class=\"elementor-post__read-more\" href=\"https:\/\/traky365.com\/fr\/event-organizer\/ajuntament-de-fiestrat\/\" aria-label=\"Read more about Ajuntament de Finestrat\" tabindex=\"-1\" >\n\t\t\tVoir plus\t\t<\/a>\n\n\t\t\t\t<\/div>\n\t\t\t\t\t<\/div>\n\t\t<\/article>\n\t\t\t\t<article class=\"elementor-post elementor-grid-item post-2197 event_organizer type-event_organizer status-publish has-post-thumbnail hentry\">\n\t\t\t<div class=\"elementor-post__card\">\n\t\t\t\t<div class=\"elementor-post__text\">\n\t\t\t\t<h3 class=\"elementor-post__title\">\n\t\t\t<a href=\"https:\/\/traky365.com\/fr\/event-organizer\/federacion-catalana-de-piraguismo\/\" >\n\t\t\t\tFederaci\u00f3n Catalana de Pirag\u00fcismo\t\t\t<\/a>\n\t\t<\/h3>\n\t\t\n\t\t<a class=\"elementor-post__read-more\" href=\"https:\/\/traky365.com\/fr\/event-organizer\/federacion-catalana-de-piraguismo\/\" aria-label=\"Read more about Federaci\u00f3n Catalana de Pirag\u00fcismo\" tabindex=\"-1\" >\n\t\t\tVoir plus\t\t<\/a>\n\n\t\t\t\t<\/div>\n\t\t\t\t\t<\/div>\n\t\t<\/article>\n\t\t\t\t<article class=\"elementor-post elementor-grid-item post-2166 event_organizer type-event_organizer status-publish has-post-thumbnail hentry\">\n\t\t\t<div class=\"elementor-post__card\">\n\t\t\t\t<div class=\"elementor-post__text\">\n\t\t\t\t<h3 class=\"elementor-post__title\">\n\t\t\t<a href=\"https:\/\/traky365.com\/fr\/event-organizer\/fossil-trip\/\" >\n\t\t\t\tFossil Trip\t\t\t<\/a>\n\t\t<\/h3>\n\t\t\n\t\t<a class=\"elementor-post__read-more\" href=\"https:\/\/traky365.com\/fr\/event-organizer\/fossil-trip\/\" aria-label=\"Read more about Fossil Trip\" tabindex=\"-1\" >\n\t\t\tVoir plus\t\t<\/a>\n\n\t\t\t\t<\/div>\n\t\t\t\t\t<\/div>\n\t\t<\/article>\n\t\t\t\t<article class=\"elementor-post elementor-grid-item post-2115 event_organizer type-event_organizer status-publish hentry\">\n\t\t\t<div class=\"elementor-post__card\">\n\t\t\t\t<div class=\"elementor-post__text\">\n\t\t\t\t<h3 class=\"elementor-post__title\">\n\t\t\t<a href=\"https:\/\/traky365.com\/fr\/event-organizer\/association-le-flow-des-gabarriers\/\" >\n\t\t\t\tAssociation Le Flow Des Gabarriers\t\t\t<\/a>\n\t\t<\/h3>\n\t\t\n\t\t<a class=\"elementor-post__read-more\" href=\"https:\/\/traky365.com\/fr\/event-organizer\/association-le-flow-des-gabarriers\/\" aria-label=\"Read more about Association Le Flow Des Gabarriers\" tabindex=\"-1\" >\n\t\t\tVoir plus\t\t<\/a>\n\n\t\t\t\t<\/div>\n\t\t\t\t\t<\/div>\n\t\t<\/article>\n\t\t\t\t<article class=\"elementor-post elementor-grid-item post-2097 event_organizer type-event_organizer status-publish has-post-thumbnail hentry\">\n\t\t\t<div class=\"elementor-post__card\">\n\t\t\t\t<div class=\"elementor-post__text\">\n\t\t\t\t<h3 class=\"elementor-post__title\">\n\t\t\t<a href=\"https:\/\/traky365.com\/fr\/event-organizer\/ih-sport-club-deportivo\/\" >\n\t\t\t\tIH Sport Club Deportivo\t\t\t<\/a>\n\t\t<\/h3>\n\t\t\n\t\t<a class=\"elementor-post__read-more\" href=\"https:\/\/traky365.com\/fr\/event-organizer\/ih-sport-club-deportivo\/\" aria-label=\"Read more about IH Sport Club Deportivo\" tabindex=\"-1\" >\n\t\t\tVoir plus\t\t<\/a>\n\n\t\t\t\t<\/div>\n\t\t\t\t\t<\/div>\n\t\t<\/article>\n\t\t\t\t<article class=\"elementor-post elementor-grid-item post-2078 event_organizer type-event_organizer status-publish has-post-thumbnail hentry\">\n\t\t\t<div class=\"elementor-post__card\">\n\t\t\t\t<div class=\"elementor-post__text\">\n\t\t\t\t<h3 class=\"elementor-post__title\">\n\t\t\t<a href=\"https:\/\/traky365.com\/fr\/event-organizer\/matchy\/\" >\n\t\t\t\tMatchy\t\t\t<\/a>\n\t\t<\/h3>\n\t\t\n\t\t<a class=\"elementor-post__read-more\" href=\"https:\/\/traky365.com\/fr\/event-organizer\/matchy\/\" aria-label=\"Read more about Matchy\" tabindex=\"-1\" >\n\t\t\tVoir plus\t\t<\/a>\n\n\t\t\t\t<\/div>\n\t\t\t\t\t<\/div>\n\t\t<\/article>\n\t\t\t\t<\/div>\n\t\t\n\t\t\t\t\t\t<\/div>\n\t\t\t\t<\/div>\n\t\t\t\t\t<\/div>\n\t\t<\/div>\n\t\t\t\t\t<\/div>\n\t\t<\/section>\n\t\t\t\t<\/div>","protected":false},"excerpt":{"rendered":"<p>Organizadores: Somos diferentes. Mientras que otras empresas se limitan a enviar los trackers de seguimiento por correo nosotros, para un resultado \u00f3ptimo, nos desplazamos a<\/p>","protected":false},"author":4,"featured_media":0,"parent":0,"menu_order":0,"comment_status":"closed","ping_status":"closed","template":"","meta":{"_acf_changed":false,"footnotes":""},"class_list":["post-112","page","type-page","status-publish","hentry"],"acf":[],"yoast_head":"<!-- This site is optimized with the Yoast SEO plugin v25.3.1 - https:\/\/yoast.com\/wordpress\/plugins\/seo\/ -->\n<title>Organizadores de eventos deportivos - traky365<\/title>\n<meta name=\"description\" content=\"Rastreo GPS para eventos, garantizamos el control del evento con t\u00e9cnicos que acompa\u00f1aran en todo momento a tus organizadores y participantes con la monitorizaci\u00f3n de los trackers de forma presencial.\" \/>\n<meta name=\"robots\" content=\"index, follow, max-snippet:-1, max-image-preview:large, max-video-preview:-1\" \/>\n<link rel=\"canonical\" href=\"https:\/\/traky365.com\/fr\/organizadores\/\" \/>\n<meta property=\"og:locale\" content=\"fr_FR\" \/>\n<meta property=\"og:type\" content=\"article\" \/>\n<meta property=\"og:title\" content=\"Organizadores de eventos deportivos - traky365\" \/>\n<meta property=\"og:description\" content=\"Rastreo GPS para eventos, garantizamos el control del evento con t\u00e9cnicos que acompa\u00f1aran en todo momento a tus organizadores y participantes con la monitorizaci\u00f3n de los trackers de forma presencial.\" \/>\n<meta property=\"og:url\" content=\"https:\/\/traky365.com\/fr\/organizadores\/\" \/>\n<meta property=\"og:site_name\" content=\"traky365\" \/>\n<meta property=\"article:publisher\" content=\"https:\/\/www.facebook.com\/traky365\" \/>\n<meta property=\"article:modified_time\" content=\"2023-10-30T15:43:58+00:00\" \/>\n<meta property=\"og:image\" content=\"http:\/\/104.248.44.136\/wp-content\/uploads\/2023\/09\/seguimiento-mapas.png\" \/>\n<meta name=\"twitter:card\" content=\"summary_large_image\" \/>\n<meta name=\"twitter:site\" content=\"@traky365\" \/>\n<meta name=\"twitter:label1\" content=\"Est. reading time\" \/>\n\t<meta name=\"twitter:data1\" content=\"3 minutes\" \/>\n<script type=\"application\/ld+json\" class=\"yoast-schema-graph\">{\"@context\":\"https:\/\/schema.org\",\"@graph\":[{\"@type\":\"WebPage\",\"@id\":\"https:\/\/traky365.com\/organizadores\/\",\"url\":\"https:\/\/traky365.com\/organizadores\/\",\"name\":\"Organizadores de eventos deportivos - traky365\",\"isPartOf\":{\"@id\":\"https:\/\/traky365.com\/#website\"},\"primaryImageOfPage\":{\"@id\":\"https:\/\/traky365.com\/organizadores\/#primaryimage\"},\"image\":{\"@id\":\"https:\/\/traky365.com\/organizadores\/#primaryimage\"},\"thumbnailUrl\":\"http:\/\/104.248.44.136\/wp-content\/uploads\/2023\/09\/seguimiento-mapas.png\",\"datePublished\":\"2023-09-14T11:00:01+00:00\",\"dateModified\":\"2023-10-30T15:43:58+00:00\",\"description\":\"Rastreo GPS para eventos, garantizamos el control del evento con t\u00e9cnicos que acompa\u00f1aran en todo momento a tus organizadores y participantes con la monitorizaci\u00f3n de los trackers de forma presencial.\",\"breadcrumb\":{\"@id\":\"https:\/\/traky365.com\/organizadores\/#breadcrumb\"},\"inLanguage\":\"fr\",\"potentialAction\":[{\"@type\":\"ReadAction\",\"target\":[\"https:\/\/traky365.com\/organizadores\/\"]}]},{\"@type\":\"ImageObject\",\"inLanguage\":\"fr\",\"@id\":\"https:\/\/traky365.com\/organizadores\/#primaryimage\",\"url\":\"http:\/\/104.248.44.136\/wp-content\/uploads\/2023\/09\/seguimiento-mapas.png\",\"contentUrl\":\"http:\/\/104.248.44.136\/wp-content\/uploads\/2023\/09\/seguimiento-mapas.png\"},{\"@type\":\"BreadcrumbList\",\"@id\":\"https:\/\/traky365.com\/organizadores\/#breadcrumb\",\"itemListElement\":[{\"@type\":\"ListItem\",\"position\":1,\"name\":\"Portada\",\"item\":\"https:\/\/traky365.com\/\"},{\"@type\":\"ListItem\",\"position\":2,\"name\":\"Organizadores de eventos deportivos\"}]},{\"@type\":\"WebSite\",\"@id\":\"https:\/\/traky365.com\/#website\",\"url\":\"https:\/\/traky365.com\/\",\"name\":\"traky365\",\"description\":\"GPS live tracking, race control, virtual chrono and security for outdoor sport events\",\"publisher\":{\"@id\":\"https:\/\/traky365.com\/#organization\"},\"potentialAction\":[{\"@type\":\"SearchAction\",\"target\":{\"@type\":\"EntryPoint\",\"urlTemplate\":\"https:\/\/traky365.com\/?s={search_term_string}\"},\"query-input\":{\"@type\":\"PropertyValueSpecification\",\"valueRequired\":true,\"valueName\":\"search_term_string\"}}],\"inLanguage\":\"fr\"},{\"@type\":\"Organization\",\"@id\":\"https:\/\/traky365.com\/#organization\",\"name\":\"traky365\",\"url\":\"https:\/\/traky365.com\/\",\"logo\":{\"@type\":\"ImageObject\",\"inLanguage\":\"fr\",\"@id\":\"https:\/\/traky365.com\/#\/schema\/logo\/image\/\",\"url\":\"https:\/\/traky365.com\/wp-content\/uploads\/2023\/05\/Logo-traky.png\",\"contentUrl\":\"https:\/\/traky365.com\/wp-content\/uploads\/2023\/05\/Logo-traky.png\",\"width\":3647,\"height\":773,\"caption\":\"traky365\"},\"image\":{\"@id\":\"https:\/\/traky365.com\/#\/schema\/logo\/image\/\"},\"sameAs\":[\"https:\/\/www.facebook.com\/traky365\",\"https:\/\/x.com\/traky365\",\"https:\/\/www.instagram.com\/traky365\/\"]}]}<\/script>\n<!-- \/ Yoast SEO plugin. -->","yoast_head_json":{"title":"Organizadores de eventos deportivos - traky365","description":"Rastreo GPS para eventos, garantizamos el control del evento con t\u00e9cnicos que acompa\u00f1aran en todo momento a tus organizadores y participantes con la monitorizaci\u00f3n de los trackers de forma presencial.","robots":{"index":"index","follow":"follow","max-snippet":"max-snippet:-1","max-image-preview":"max-image-preview:large","max-video-preview":"max-video-preview:-1"},"canonical":"https:\/\/traky365.com\/fr\/organizadores\/","og_locale":"fr_FR","og_type":"article","og_title":"Organizadores de eventos deportivos - traky365","og_description":"Rastreo GPS para eventos, garantizamos el control del evento con t\u00e9cnicos que acompa\u00f1aran en todo momento a tus organizadores y participantes con la monitorizaci\u00f3n de los trackers de forma presencial.","og_url":"https:\/\/traky365.com\/fr\/organizadores\/","og_site_name":"traky365","article_publisher":"https:\/\/www.facebook.com\/traky365","article_modified_time":"2023-10-30T15:43:58+00:00","og_image":[{"url":"http:\/\/104.248.44.136\/wp-content\/uploads\/2023\/09\/seguimiento-mapas.png","type":"","width":"","height":""}],"twitter_card":"summary_large_image","twitter_site":"@traky365","twitter_misc":{"Est. reading time":"3 minutes"},"schema":{"@context":"https:\/\/schema.org","@graph":[{"@type":"WebPage","@id":"https:\/\/traky365.com\/organizadores\/","url":"https:\/\/traky365.com\/organizadores\/","name":"Organizadores de eventos deportivos - traky365","isPartOf":{"@id":"https:\/\/traky365.com\/#website"},"primaryImageOfPage":{"@id":"https:\/\/traky365.com\/organizadores\/#primaryimage"},"image":{"@id":"https:\/\/traky365.com\/organizadores\/#primaryimage"},"thumbnailUrl":"http:\/\/104.248.44.136\/wp-content\/uploads\/2023\/09\/seguimiento-mapas.png","datePublished":"2023-09-14T11:00:01+00:00","dateModified":"2023-10-30T15:43:58+00:00","description":"Rastreo GPS para eventos, garantizamos el control del evento con t\u00e9cnicos que acompa\u00f1aran en todo momento a tus organizadores y participantes con la monitorizaci\u00f3n de los trackers de forma presencial.","breadcrumb":{"@id":"https:\/\/traky365.com\/organizadores\/#breadcrumb"},"inLanguage":"fr","potentialAction":[{"@type":"ReadAction","target":["https:\/\/traky365.com\/organizadores\/"]}]},{"@type":"ImageObject","inLanguage":"fr","@id":"https:\/\/traky365.com\/organizadores\/#primaryimage","url":"http:\/\/104.248.44.136\/wp-content\/uploads\/2023\/09\/seguimiento-mapas.png","contentUrl":"http:\/\/104.248.44.136\/wp-content\/uploads\/2023\/09\/seguimiento-mapas.png"},{"@type":"BreadcrumbList","@id":"https:\/\/traky365.com\/organizadores\/#breadcrumb","itemListElement":[{"@type":"ListItem","position":1,"name":"Portada","item":"https:\/\/traky365.com\/"},{"@type":"ListItem","position":2,"name":"Organizadores de eventos deportivos"}]},{"@type":"WebSite","@id":"https:\/\/traky365.com\/#website","url":"https:\/\/traky365.com\/","name":"traky365","description":"GPS live tracking, race control, virtual chrono and security for outdoor sport events","publisher":{"@id":"https:\/\/traky365.com\/#organization"},"potentialAction":[{"@type":"SearchAction","target":{"@type":"EntryPoint","urlTemplate":"https:\/\/traky365.com\/?s={search_term_string}"},"query-input":{"@type":"PropertyValueSpecification","valueRequired":true,"valueName":"search_term_string"}}],"inLanguage":"fr"},{"@type":"Organization","@id":"https:\/\/traky365.com\/#organization","name":"traky365","url":"https:\/\/traky365.com\/","logo":{"@type":"ImageObject","inLanguage":"fr","@id":"https:\/\/traky365.com\/#\/schema\/logo\/image\/","url":"https:\/\/traky365.com\/wp-content\/uploads\/2023\/05\/Logo-traky.png","contentUrl":"https:\/\/traky365.com\/wp-content\/uploads\/2023\/05\/Logo-traky.png","width":3647,"height":773,"caption":"traky365"},"image":{"@id":"https:\/\/traky365.com\/#\/schema\/logo\/image\/"},"sameAs":["https:\/\/www.facebook.com\/traky365","https:\/\/x.com\/traky365","https:\/\/www.instagram.com\/traky365\/"]}]}},"_links":{"self":[{"href":"https:\/\/traky365.com\/fr\/wp-json\/wp\/v2\/pages\/112","targetHints":{"allow":["GET"]}}],"collection":[{"href":"https:\/\/traky365.com\/fr\/wp-json\/wp\/v2\/pages"}],"about":[{"href":"https:\/\/traky365.com\/fr\/wp-json\/wp\/v2\/types\/page"}],"author":[{"embeddable":true,"href":"https:\/\/traky365.com\/fr\/wp-json\/wp\/v2\/users\/4"}],"replies":[{"embeddable":true,"href":"https:\/\/traky365.com\/fr\/wp-json\/wp\/v2\/comments?post=112"}],"version-history":[{"count":58,"href":"https:\/\/traky365.com\/fr\/wp-json\/wp\/v2\/pages\/112\/revisions"}],"predecessor-version":[{"id":1695,"href":"https:\/\/traky365.com\/fr\/wp-json\/wp\/v2\/pages\/112\/revisions\/1695"}],"wp:attachment":[{"href":"https:\/\/traky365.com\/fr\/wp-json\/wp\/v2\/media?parent=112"}],"curies":[{"name":"wp","href":"https:\/\/api.w.org\/{rel}","templated":true}]}}