{"id":1190,"date":"2023-09-27T10:01:42","date_gmt":"2023-09-27T08:01:42","guid":{"rendered":"http:\/\/104.248.44.136\/?page_id=1190"},"modified":"2023-10-26T09:43:12","modified_gmt":"2023-10-26T07:43:12","slug":"nosotros","status":"publish","type":"page","link":"https:\/\/traky365.com\/fr\/nosotros\/","title":{"rendered":"A propos de"},"content":{"rendered":"<div data-elementor-type=\"wp-page\" data-elementor-id=\"1190\" class=\"elementor elementor-1190\" data-elementor-post-type=\"page\">\n\t\t\t\t\t\t<section class=\"elementor-section elementor-top-section elementor-element elementor-element-68b01d0 elementor-reverse-mobile elementor-section-boxed elementor-section-height-default elementor-section-height-default\" data-id=\"68b01d0\" data-element_type=\"section\">\n\t\t\t\t\t\t<div class=\"elementor-container elementor-column-gap-no\">\n\t\t\t\t\t<div class=\"elementor-column elementor-col-50 elementor-top-column elementor-element elementor-element-1e811d4\" data-id=\"1e811d4\" data-element_type=\"column\">\n\t\t\t<div class=\"elementor-widget-wrap elementor-element-populated\">\n\t\t\t\t\t\t<div class=\"elementor-element elementor-element-1950ced elementor-widget elementor-widget-heading\" data-id=\"1950ced\" data-element_type=\"widget\" data-widget_type=\"heading.default\">\n\t\t\t\t<div class=\"elementor-widget-container\">\n\t\t\t\t\t<h1 class=\"elementor-heading-title elementor-size-default\">Qui sommes nous?<\/h1>\t\t\t\t<\/div>\n\t\t\t\t<\/div>\n\t\t\t\t<div class=\"elementor-element elementor-element-c3be61e elementor-widget elementor-widget-image\" data-id=\"c3be61e\" data-element_type=\"widget\" data-widget_type=\"image.default\">\n\t\t\t\t<div class=\"elementor-widget-container\">\n\t\t\t\t\t\t\t\t\t\t\t\t\t\t\t<img fetchpriority=\"high\" decoding=\"async\" width=\"3647\" height=\"773\" src=\"https:\/\/traky365.com\/wp-content\/uploads\/2023\/05\/Logo-traky.png\" class=\"attachment-full size-full wp-image-1048\" alt=\"\" srcset=\"https:\/\/traky365.com\/wp-content\/uploads\/2023\/05\/Logo-traky.png 3647w, https:\/\/traky365.com\/wp-content\/uploads\/2023\/05\/Logo-traky-300x64.png 300w, https:\/\/traky365.com\/wp-content\/uploads\/2023\/05\/Logo-traky-1024x217.png 1024w, https:\/\/traky365.com\/wp-content\/uploads\/2023\/05\/Logo-traky-768x163.png 768w, https:\/\/traky365.com\/wp-content\/uploads\/2023\/05\/Logo-traky-1536x326.png 1536w, https:\/\/traky365.com\/wp-content\/uploads\/2023\/05\/Logo-traky-2048x434.png 2048w, https:\/\/traky365.com\/wp-content\/uploads\/2023\/05\/Logo-traky-48x10.png 48w\" sizes=\"(max-width: 3647px) 100vw, 3647px\" \/>\t\t\t\t\t\t\t\t\t\t\t\t\t\t\t<\/div>\n\t\t\t\t<\/div>\n\t\t\t\t<div class=\"elementor-element elementor-element-f64a2de elementor-widget elementor-widget-heading\" data-id=\"f64a2de\" data-element_type=\"widget\" data-widget_type=\"heading.default\">\n\t\t\t\t<div class=\"elementor-widget-container\">\n\t\t\t\t\t<h2 class=\"elementor-heading-title elementor-size-default\">Depuis nos d\u00e9buts, en 2017, nous nous sommes attach\u00e9s \u00e0 maintener un niveau de satisfaction \u00e9lev\u00e9s chez nos clients.\nCes m\u00eames clients reviennent r\u00e9guli\u00e8rement lors des nouvelles \u00e9ditions de leur \u00e9v\u00e9nements; c'est un indicateur tr\u00e8s important pour nous.<\/h2>\t\t\t\t<\/div>\n\t\t\t\t<\/div>\n\t\t\t\t\t<\/div>\n\t\t<\/div>\n\t\t\t\t<div class=\"elementor-column elementor-col-50 elementor-top-column elementor-element elementor-element-db17218\" data-id=\"db17218\" data-element_type=\"column\">\n\t\t\t<div class=\"elementor-widget-wrap elementor-element-populated\">\n\t\t\t\t\t\t<div class=\"elementor-element elementor-element-1ad1a21 elementor-widget elementor-widget-image\" data-id=\"1ad1a21\" data-element_type=\"widget\" data-widget_type=\"image.default\">\n\t\t\t\t<div class=\"elementor-widget-container\">\n\t\t\t\t\t\t\t\t\t\t\t\t\t\t\t<img decoding=\"async\" width=\"1200\" height=\"628\" src=\"https:\/\/traky365.com\/wp-content\/uploads\/2023\/10\/digital-ocean.jpg\" class=\"attachment-full size-full wp-image-1584\" alt=\"\" srcset=\"https:\/\/traky365.com\/wp-content\/uploads\/2023\/10\/digital-ocean.jpg 1200w, https:\/\/traky365.com\/wp-content\/uploads\/2023\/10\/digital-ocean-300x157.jpg 300w, https:\/\/traky365.com\/wp-content\/uploads\/2023\/10\/digital-ocean-1024x536.jpg 1024w, https:\/\/traky365.com\/wp-content\/uploads\/2023\/10\/digital-ocean-768x402.jpg 768w, https:\/\/traky365.com\/wp-content\/uploads\/2023\/10\/digital-ocean-18x9.jpg 18w, https:\/\/traky365.com\/wp-content\/uploads\/2023\/10\/digital-ocean-48x25.jpg 48w\" sizes=\"(max-width: 1200px) 100vw, 1200px\" \/>\t\t\t\t\t\t\t\t\t\t\t\t\t\t\t<\/div>\n\t\t\t\t<\/div>\n\t\t\t\t\t<\/div>\n\t\t<\/div>\n\t\t\t\t\t<\/div>\n\t\t<\/section>\n\t\t\t\t<section class=\"elementor-section elementor-top-section elementor-element elementor-element-20d5461 elementor-section-boxed elementor-section-height-default elementor-section-height-default\" data-id=\"20d5461\" data-element_type=\"section\">\n\t\t\t\t\t\t<div class=\"elementor-container elementor-column-gap-default\">\n\t\t\t\t\t<div class=\"elementor-column elementor-col-100 elementor-top-column elementor-element elementor-element-3026f98\" data-id=\"3026f98\" data-element_type=\"column\">\n\t\t\t<div class=\"elementor-widget-wrap elementor-element-populated\">\n\t\t\t\t\t\t<div class=\"elementor-element elementor-element-61a4d15 elementor-view-default elementor-position-top elementor-mobile-position-top elementor-widget elementor-widget-icon-box\" data-id=\"61a4d15\" data-element_type=\"widget\" data-widget_type=\"icon-box.default\">\n\t\t\t\t<div class=\"elementor-widget-container\">\n\t\t\t\t\t\t\t<div class=\"elementor-icon-box-wrapper\">\n\n\t\t\t\t\t\t<div class=\"elementor-icon-box-icon\">\n\t\t\t\t<span  class=\"elementor-icon\">\n\t\t\t\t<i aria-hidden=\"true\" class=\"fas fa-bezier-curve\"><\/i>\t\t\t\t<\/span>\n\t\t\t<\/div>\n\t\t\t\n\t\t\t\t\t\t<div class=\"elementor-icon-box-content\">\n\n\t\t\t\t\t\t\t\t\t<h3 class=\"elementor-icon-box-title\">\n\t\t\t\t\t\t<span  >\n\t\t\t\t\t\t\tInfrastructure technologique.\t\t\t\t\t\t<\/span>\n\t\t\t\t\t<\/h3>\n\t\t\t\t\n\t\t\t\t\t\t\t\t\t<p class=\"elementor-icon-box-description\">\n\t\t\t\t\t\tNous pensons que la technologie est tout aussi importante que le service client. Nous avons dons mis enplace une infrastructure robuste qui inclus:\t\t\t\t\t<\/p>\n\t\t\t\t\n\t\t\t<\/div>\n\t\t\t\n\t\t<\/div>\n\t\t\t\t\t\t<\/div>\n\t\t\t\t<\/div>\n\t\t\t\t<div class=\"elementor-element elementor-element-db7ff9b elementor-widget elementor-widget-text-editor\" data-id=\"db7ff9b\" data-element_type=\"widget\" data-widget_type=\"text-editor.default\">\n\t\t\t\t<div class=\"elementor-widget-container\">\n\t\t\t\t\t\t\t\t\t<p><strong>Traceurs GPS fiables:<\/strong>&nbsp;Fabriqu\u00e9s en Europe, ils sont totalement configurables et peuvent disposer d'une batterie de 5.200mAh ce qui leur permet de fonctionner plus de 72 heures en \u00e9mettant toutes les minutes. En cas de perte de r\u00e9seau ils stockeront les positions GPS, avec une limite de 10.000 positions, et les \u00e9mettront lorsqu'ils reviendront en zone de r\u00e9seau t\u00e9l\u00e9phonique.<\/p><p><b>Cartes SIMs multi-op\u00e9rateur:<\/b>Elles permettent que nos traceurs GPS se connectent, \u00e0 tout instant, \u00e0 l'op\u00e9rateur le plus puissant de la zona. Elles nous assurent un prix constant dans toute l'Europe, sauf Andorre.<\/p>\n<p><strong>Solides bases de donn\u00e9es:<\/strong> Nous utilisons MongoDb, une base de donn\u00e9es non relationnelle, avec une structure redondante de 3 serveurs en replicaset afin d'avoir une s\u00e9curit\u00e9 maximale.<\/p>\n<p><strong>Surveillance automatis\u00e9e:<\/strong> Nous disposons de cinq serveurs, chacun d'entre eux, sp\u00e9cialis\u00e9 dans un des aspects du syst\u00e8me. Tous sont supervis\u00e9s par un syst\u00e8me qui peut activer un nouveau serveur, en cas de besoin, en quelques minutes.<\/p><p><br><\/p><p><i>Nous appr\u00e9cions la confiance que nos clients nous accordent et continuerons \u00e0 nous efforcer de fournir un service qui d\u00e9passe leurs attentes.<\/i><\/p>\t\t\t\t\t\t\t\t<\/div>\n\t\t\t\t<\/div>\n\t\t\t\t\t<\/div>\n\t\t<\/div>\n\t\t\t\t\t<\/div>\n\t\t<\/section>\n\t\t\t\t<\/div>","protected":false},"excerpt":{"rendered":"<p>Nosotros: Desde que iniciamos operaciones en 2017, hemos mantenido un nivel de satisfacci\u00f3n del cliente que nos enorgullece. Nuestros clientes tienden a regresar, un indicador que valoramos altamente y que nos impulsa a seguir mejorando. Infraestructura Tecnol\u00f3gica Entendemos que la tecnolog\u00eda es tan vital como el servicio al cliente. Por lo tanto, hemos implementado una [&hellip;]<\/p>","protected":false},"author":4,"featured_media":0,"parent":0,"menu_order":0,"comment_status":"closed","ping_status":"closed","template":"","meta":{"_acf_changed":false,"footnotes":""},"class_list":["post-1190","page","type-page","status-publish","hentry"],"acf":[],"yoast_head":"<!-- This site is optimized with the Yoast SEO plugin v25.3.1 - https:\/\/yoast.com\/wordpress\/plugins\/seo\/ -->\n<title>Nosotros - traky365<\/title>\n<meta name=\"robots\" content=\"index, follow, max-snippet:-1, max-image-preview:large, max-video-preview:-1\" \/>\n<link rel=\"canonical\" href=\"https:\/\/traky365.com\/fr\/nosotros\/\" \/>\n<meta property=\"og:locale\" content=\"fr_FR\" \/>\n<meta property=\"og:type\" content=\"article\" \/>\n<meta property=\"og:title\" content=\"Nosotros - traky365\" \/>\n<meta property=\"og:description\" content=\"Nosotros: Desde que iniciamos operaciones en 2017, hemos mantenido un nivel de satisfacci\u00f3n del cliente que nos enorgullece. Nuestros clientes tienden a regresar, un indicador que valoramos altamente y que nos impulsa a seguir mejorando. Infraestructura Tecnol\u00f3gica Entendemos que la tecnolog\u00eda es tan vital como el servicio al cliente. Por lo tanto, hemos implementado una [&hellip;]\" \/>\n<meta property=\"og:url\" content=\"https:\/\/traky365.com\/fr\/nosotros\/\" \/>\n<meta property=\"og:site_name\" content=\"traky365\" \/>\n<meta property=\"article:publisher\" content=\"https:\/\/www.facebook.com\/traky365\" \/>\n<meta property=\"article:modified_time\" content=\"2023-10-26T07:43:12+00:00\" \/>\n<meta property=\"og:image\" content=\"http:\/\/104.248.44.136\/wp-content\/uploads\/2023\/05\/Logo-traky.png\" \/>\n<meta name=\"twitter:card\" content=\"summary_large_image\" \/>\n<meta name=\"twitter:site\" content=\"@traky365\" \/>\n<meta name=\"twitter:label1\" content=\"Est. reading time\" \/>\n\t<meta name=\"twitter:data1\" content=\"2 minutes\" \/>\n<script type=\"application\/ld+json\" class=\"yoast-schema-graph\">{\"@context\":\"https:\/\/schema.org\",\"@graph\":[{\"@type\":\"WebPage\",\"@id\":\"https:\/\/traky365.com\/nosotros\/\",\"url\":\"https:\/\/traky365.com\/nosotros\/\",\"name\":\"Nosotros - traky365\",\"isPartOf\":{\"@id\":\"https:\/\/traky365.com\/#website\"},\"primaryImageOfPage\":{\"@id\":\"https:\/\/traky365.com\/nosotros\/#primaryimage\"},\"image\":{\"@id\":\"https:\/\/traky365.com\/nosotros\/#primaryimage\"},\"thumbnailUrl\":\"http:\/\/104.248.44.136\/wp-content\/uploads\/2023\/05\/Logo-traky.png\",\"datePublished\":\"2023-09-27T08:01:42+00:00\",\"dateModified\":\"2023-10-26T07:43:12+00:00\",\"breadcrumb\":{\"@id\":\"https:\/\/traky365.com\/nosotros\/#breadcrumb\"},\"inLanguage\":\"fr\",\"potentialAction\":[{\"@type\":\"ReadAction\",\"target\":[\"https:\/\/traky365.com\/nosotros\/\"]}]},{\"@type\":\"ImageObject\",\"inLanguage\":\"fr\",\"@id\":\"https:\/\/traky365.com\/nosotros\/#primaryimage\",\"url\":\"http:\/\/104.248.44.136\/wp-content\/uploads\/2023\/05\/Logo-traky.png\",\"contentUrl\":\"http:\/\/104.248.44.136\/wp-content\/uploads\/2023\/05\/Logo-traky.png\"},{\"@type\":\"BreadcrumbList\",\"@id\":\"https:\/\/traky365.com\/nosotros\/#breadcrumb\",\"itemListElement\":[{\"@type\":\"ListItem\",\"position\":1,\"name\":\"Portada\",\"item\":\"https:\/\/traky365.com\/\"},{\"@type\":\"ListItem\",\"position\":2,\"name\":\"Nosotros\"}]},{\"@type\":\"WebSite\",\"@id\":\"https:\/\/traky365.com\/#website\",\"url\":\"https:\/\/traky365.com\/\",\"name\":\"traky365\",\"description\":\"GPS live tracking, race control, virtual chrono and security for outdoor sport events\",\"publisher\":{\"@id\":\"https:\/\/traky365.com\/#organization\"},\"potentialAction\":[{\"@type\":\"SearchAction\",\"target\":{\"@type\":\"EntryPoint\",\"urlTemplate\":\"https:\/\/traky365.com\/?s={search_term_string}\"},\"query-input\":{\"@type\":\"PropertyValueSpecification\",\"valueRequired\":true,\"valueName\":\"search_term_string\"}}],\"inLanguage\":\"fr\"},{\"@type\":\"Organization\",\"@id\":\"https:\/\/traky365.com\/#organization\",\"name\":\"traky365\",\"url\":\"https:\/\/traky365.com\/\",\"logo\":{\"@type\":\"ImageObject\",\"inLanguage\":\"fr\",\"@id\":\"https:\/\/traky365.com\/#\/schema\/logo\/image\/\",\"url\":\"https:\/\/traky365.com\/wp-content\/uploads\/2023\/05\/Logo-traky.png\",\"contentUrl\":\"https:\/\/traky365.com\/wp-content\/uploads\/2023\/05\/Logo-traky.png\",\"width\":3647,\"height\":773,\"caption\":\"traky365\"},\"image\":{\"@id\":\"https:\/\/traky365.com\/#\/schema\/logo\/image\/\"},\"sameAs\":[\"https:\/\/www.facebook.com\/traky365\",\"https:\/\/x.com\/traky365\",\"https:\/\/www.instagram.com\/traky365\/\"]}]}<\/script>\n<!-- \/ Yoast SEO plugin. -->","yoast_head_json":{"title":"Nosotros - traky365","robots":{"index":"index","follow":"follow","max-snippet":"max-snippet:-1","max-image-preview":"max-image-preview:large","max-video-preview":"max-video-preview:-1"},"canonical":"https:\/\/traky365.com\/fr\/nosotros\/","og_locale":"fr_FR","og_type":"article","og_title":"Nosotros - traky365","og_description":"Nosotros: Desde que iniciamos operaciones en 2017, hemos mantenido un nivel de satisfacci\u00f3n del cliente que nos enorgullece. Nuestros clientes tienden a regresar, un indicador que valoramos altamente y que nos impulsa a seguir mejorando. Infraestructura Tecnol\u00f3gica Entendemos que la tecnolog\u00eda es tan vital como el servicio al cliente. Por lo tanto, hemos implementado una [&hellip;]","og_url":"https:\/\/traky365.com\/fr\/nosotros\/","og_site_name":"traky365","article_publisher":"https:\/\/www.facebook.com\/traky365","article_modified_time":"2023-10-26T07:43:12+00:00","og_image":[{"url":"http:\/\/104.248.44.136\/wp-content\/uploads\/2023\/05\/Logo-traky.png","type":"","width":"","height":""}],"twitter_card":"summary_large_image","twitter_site":"@traky365","twitter_misc":{"Est. reading time":"2 minutes"},"schema":{"@context":"https:\/\/schema.org","@graph":[{"@type":"WebPage","@id":"https:\/\/traky365.com\/nosotros\/","url":"https:\/\/traky365.com\/nosotros\/","name":"Nosotros - traky365","isPartOf":{"@id":"https:\/\/traky365.com\/#website"},"primaryImageOfPage":{"@id":"https:\/\/traky365.com\/nosotros\/#primaryimage"},"image":{"@id":"https:\/\/traky365.com\/nosotros\/#primaryimage"},"thumbnailUrl":"http:\/\/104.248.44.136\/wp-content\/uploads\/2023\/05\/Logo-traky.png","datePublished":"2023-09-27T08:01:42+00:00","dateModified":"2023-10-26T07:43:12+00:00","breadcrumb":{"@id":"https:\/\/traky365.com\/nosotros\/#breadcrumb"},"inLanguage":"fr","potentialAction":[{"@type":"ReadAction","target":["https:\/\/traky365.com\/nosotros\/"]}]},{"@type":"ImageObject","inLanguage":"fr","@id":"https:\/\/traky365.com\/nosotros\/#primaryimage","url":"http:\/\/104.248.44.136\/wp-content\/uploads\/2023\/05\/Logo-traky.png","contentUrl":"http:\/\/104.248.44.136\/wp-content\/uploads\/2023\/05\/Logo-traky.png"},{"@type":"BreadcrumbList","@id":"https:\/\/traky365.com\/nosotros\/#breadcrumb","itemListElement":[{"@type":"ListItem","position":1,"name":"Portada","item":"https:\/\/traky365.com\/"},{"@type":"ListItem","position":2,"name":"Nosotros"}]},{"@type":"WebSite","@id":"https:\/\/traky365.com\/#website","url":"https:\/\/traky365.com\/","name":"traky365","description":"GPS live tracking, race control, virtual chrono and security for outdoor sport events","publisher":{"@id":"https:\/\/traky365.com\/#organization"},"potentialAction":[{"@type":"SearchAction","target":{"@type":"EntryPoint","urlTemplate":"https:\/\/traky365.com\/?s={search_term_string}"},"query-input":{"@type":"PropertyValueSpecification","valueRequired":true,"valueName":"search_term_string"}}],"inLanguage":"fr"},{"@type":"Organization","@id":"https:\/\/traky365.com\/#organization","name":"traky365","url":"https:\/\/traky365.com\/","logo":{"@type":"ImageObject","inLanguage":"fr","@id":"https:\/\/traky365.com\/#\/schema\/logo\/image\/","url":"https:\/\/traky365.com\/wp-content\/uploads\/2023\/05\/Logo-traky.png","contentUrl":"https:\/\/traky365.com\/wp-content\/uploads\/2023\/05\/Logo-traky.png","width":3647,"height":773,"caption":"traky365"},"image":{"@id":"https:\/\/traky365.com\/#\/schema\/logo\/image\/"},"sameAs":["https:\/\/www.facebook.com\/traky365","https:\/\/x.com\/traky365","https:\/\/www.instagram.com\/traky365\/"]}]}},"_links":{"self":[{"href":"https:\/\/traky365.com\/fr\/wp-json\/wp\/v2\/pages\/1190","targetHints":{"allow":["GET"]}}],"collection":[{"href":"https:\/\/traky365.com\/fr\/wp-json\/wp\/v2\/pages"}],"about":[{"href":"https:\/\/traky365.com\/fr\/wp-json\/wp\/v2\/types\/page"}],"author":[{"embeddable":true,"href":"https:\/\/traky365.com\/fr\/wp-json\/wp\/v2\/users\/4"}],"replies":[{"embeddable":true,"href":"https:\/\/traky365.com\/fr\/wp-json\/wp\/v2\/comments?post=1190"}],"version-history":[{"count":30,"href":"https:\/\/traky365.com\/fr\/wp-json\/wp\/v2\/pages\/1190\/revisions"}],"predecessor-version":[{"id":1590,"href":"https:\/\/traky365.com\/fr\/wp-json\/wp\/v2\/pages\/1190\/revisions\/1590"}],"wp:attachment":[{"href":"https:\/\/traky365.com\/fr\/wp-json\/wp\/v2\/media?parent=1190"}],"curies":[{"name":"wp","href":"https:\/\/api.w.org\/{rel}","templated":true}]}}